{"id":3509,"date":"2022-10-04T08:19:05","date_gmt":"2022-10-04T07:19:05","guid":{"rendered":"http:\/\/www.cpps.universite-paris-saclay.fr\/?page_id=3509"},"modified":"2022-10-04T09:26:44","modified_gmt":"2022-10-04T08:26:44","slug":"inscription-atelier-2022","status":"publish","type":"page","link":"http:\/\/www.cpps.universite-paris-saclay.fr\/?page_id=3509","title":{"rendered":"Inscription Atelier 2022"},"content":{"rendered":"<p><span style=\"font-family: 'Georgia','serif';\"><span style=\"color: #000000;\">L&rsquo;atelier \u00ab\u00a0Energie, Structure et Dynamique de syst\u00e8mes biologiques et biomim\u00e9tiques\u00a0\u00bb aura lieu les <strong>Lundi 5 et Mardi 6 D\u00e9cembre dans l&rsquo;amphi Blandin du LPS<\/strong>, B\u00e2t 520, Universit\u00e9 Paris Saclay. <\/span><\/span><\/p>\n<p><span style=\"font-family: 'Georgia','serif';\"><span style=\"color: #000000;\">Les pr\u00e9sentations par affiche auront lieu le Lundi de 14h \u00e0 16h.<br \/>\n<\/span><\/span><\/p>\n<p>Nous vous invitons vivement \u00e0 pr\u00e9senter vos travaux pendant cette s\u00e9ance propice aux \u00e9changes et rencontres.<\/p>\n<p><span lang=\"EN-GB\"><span style=\"color: #000000; font-family: Calibri;\"><p class=\"wpcf7-contact-form-not-found\"><strong>Erreur\u00a0:<\/strong> Formulaire de contact non trouv\u00e9\u00a0!<\/p><\/span><\/span><\/p>\n","protected":false},"excerpt":{"rendered":"<p>L&rsquo;atelier \u00ab\u00a0Energie, Structure et Dynamique de syst\u00e8mes biologiques et biomim\u00e9tiques\u00a0\u00bb aura lieu les Lundi 5 et Mardi 6 D\u00e9cembre dans l&rsquo;amphi Blandin du LPS, B\u00e2t 520, Universit\u00e9 Paris Saclay. Les pr\u00e9sentations par affiche auront lieu le Lundi de 14h \u00e0 16h. Nous vous invitons vivement \u00e0 pr\u00e9senter vos travaux pendant \u2026 <a class=\"continue-reading-link\" href=\"http:\/\/www.cpps.universite-paris-saclay.fr\/?page_id=3509\"> Continue reading<\/a><\/p>\n","protected":false},"author":1,"featured_media":0,"parent":0,"menu_order":0,"comment_status":"closed","ping_status":"closed","template":"","meta":{"footnotes":""},"class_list":["post-3509","page","type-page","status-publish","hentry"],"_links":{"self":[{"href":"http:\/\/www.cpps.universite-paris-saclay.fr\/index.php?rest_route=\/wp\/v2\/pages\/3509","targetHints":{"allow":["GET"]}}],"collection":[{"href":"http:\/\/www.cpps.universite-paris-saclay.fr\/index.php?rest_route=\/wp\/v2\/pages"}],"about":[{"href":"http:\/\/www.cpps.universite-paris-saclay.fr\/index.php?rest_route=\/wp\/v2\/types\/page"}],"author":[{"embeddable":true,"href":"http:\/\/www.cpps.universite-paris-saclay.fr\/index.php?rest_route=\/wp\/v2\/users\/1"}],"replies":[{"embeddable":true,"href":"http:\/\/www.cpps.universite-paris-saclay.fr\/index.php?rest_route=%2Fwp%2Fv2%2Fcomments&post=3509"}],"version-history":[{"count":4,"href":"http:\/\/www.cpps.universite-paris-saclay.fr\/index.php?rest_route=\/wp\/v2\/pages\/3509\/revisions"}],"predecessor-version":[{"id":3526,"href":"http:\/\/www.cpps.universite-paris-saclay.fr\/index.php?rest_route=\/wp\/v2\/pages\/3509\/revisions\/3526"}],"wp:attachment":[{"href":"http:\/\/www.cpps.universite-paris-saclay.fr\/index.php?rest_route=%2Fwp%2Fv2%2Fmedia&parent=3509"}],"curies":[{"name":"wp","href":"https:\/\/api.w.org\/{rel}","templated":true}]}}