{"id":3504,"date":"2022-10-04T08:12:06","date_gmt":"2022-10-04T07:12:06","guid":{"rendered":"http:\/\/www.cpps.universite-paris-saclay.fr\/?page_id=3504"},"modified":"2022-11-14T10:14:17","modified_gmt":"2022-11-14T09:14:17","slug":"energie-structure-dynamique-de-systemes-biologiques-et-biomimetiques","status":"publish","type":"page","link":"http:\/\/www.cpps.universite-paris-saclay.fr\/?page_id=3504","title":{"rendered":"ATELIER 2022"},"content":{"rendered":"<p>Amphi Blandin, LPS, B\u00e2t 510\u00a0 &#8211; 5 et 6 D\u00e9cembre 2022<\/p>\n<p>La F\u00e9d\u00e9ration de Chimie-Physique de Paris-Saclay organise un atelier scientifique du lundi 5 au Mardi <span id=\"OBJ_PREFIX_DWT946_com_zimbra_date\" class=\"Object\"><span id=\"OBJ_PREFIX_DWT950_com_zimbra_date\" class=\"Object\">6 D\u00e9cembre 2022<\/span><\/span> sur le campus de Saclay. Le th\u00e8me \u00ab\u00a0<strong>Energie, Structure et Dynamique de Syst\u00e8mes Biologiques\u00a0et Biomim\u00e9tiques<\/strong> \u00bb permettra d\u2019aborder une th\u00e9matique centrale de la f\u00e9d\u00e9ration et plus g\u00e9n\u00e9ralement de l\u2019Universit\u00e9 Paris-Saclay.<\/p>\n<p>Cet atelier se tiendra du Lundi 5 au matin jusqu&rsquo;au Mardi 6 midi, dans l&rsquo;amphi Blandin du Laboratoire de Physique des Solides, B\u00e2t 510.<\/p>\n<p>Acc\u00e8s : <strong><a href=\"https:\/\/www.lps.u-psud.fr\/se-rendre-au-lps\/\" target=\"_blank\">se rendre au LPS<\/a><\/strong><\/p>\n<p><strong>\u00a0<a href=\"http:\/\/www.cpps.universite-paris-saclay.fr\/?page_id=3509\" target=\"_blank\">Inscription<\/a> <\/strong>gratuite mais obligatoire <strong>avant le 28\/11.<\/strong> Buffet pr\u00e9vu le Lundi (veuillez votre pr\u00e9sence ou non lors de l&rsquo;inscription en ligne)<\/p>\n<p>Ces deux journ\u00e9es seront l\u2019occasion de pr\u00e9senter les travaux des \u00e9quipes de la CPPS et surtout de trois laboratoires qui ont rejoint la f\u00e9d\u00e9ration cette ann\u00e9e\u00a0: l\u2019ICSN, l\u2019I2BC et SOLEIL. Une large part de l\u2019atelier sera consacr\u00e9e aux \u00e9changes entre les coll\u00e8gues sous forme d\u2019une session poster et d\u2019une table ronde finale.<\/p>\n<p><strong>Session Poster<\/strong> : Nous vous invitons vivement \u00e0 venir pr\u00e9senter les travaux de vos \u00e9quipes lors de la session poster. Tous les posters sont accept\u00e9s afin de favoriser les \u00e9changes avec les \u00e9quipes qui rejoignent CPPS.<\/p>\n<p><strong>Table Ronde<\/strong> : Moment de discussion pendant lequel chacun peut sugg\u00e9rer de nouvelles actions \u00e0 mener par la f\u00e9d\u00e9ration, par exemple pour d\u00e9velopper les collaborations intra \u00e9quipes CPPS. Seront aussi abord\u00e9s la place de la f\u00e9d\u00e9ration dans l&rsquo;environnement Paris Saclay (Granduate Schools, Objet Interdisciplinaire&#8230;), le r\u00f4le des plateformes dans les activit\u00e9s scientifiques en Chimie &#8211; Physique, l&rsquo;importance des approches conjointes th\u00e9orie-exp\u00e9rience&#8230;<\/p>\n<p>N&rsquo;h\u00e9sitez pas \u00e0 nous contacter si vous souhaitez intervenir lors de la table ronde.<\/p>\n<p><strong><a href=\"http:\/\/www.cpps.universite-paris-saclay.fr\/wp-content\/uploads\/2022\/11\/programme-atelier-2022.pdf\">T\u00e9l\u00e9charger le programme <\/a><\/strong><\/p>\n","protected":false},"excerpt":{"rendered":"<p>Amphi Blandin, LPS, B\u00e2t 510\u00a0 &#8211; 5 et 6 D\u00e9cembre 2022 La F\u00e9d\u00e9ration de Chimie-Physique de Paris-Saclay organise un atelier scientifique du lundi 5 au Mardi 6 D\u00e9cembre 2022 sur le campus de Saclay. Le th\u00e8me \u00ab\u00a0Energie, Structure et Dynamique de Syst\u00e8mes Biologiques\u00a0et Biomim\u00e9tiques \u00bb permettra d\u2019aborder une th\u00e9matique centrale \u2026 <a class=\"continue-reading-link\" href=\"http:\/\/www.cpps.universite-paris-saclay.fr\/?page_id=3504\"> Continue reading<\/a><\/p>\n","protected":false},"author":1,"featured_media":0,"parent":0,"menu_order":0,"comment_status":"closed","ping_status":"closed","template":"","meta":{"footnotes":""},"class_list":["post-3504","page","type-page","status-publish","hentry"],"_links":{"self":[{"href":"http:\/\/www.cpps.universite-paris-saclay.fr\/index.php?rest_route=\/wp\/v2\/pages\/3504","targetHints":{"allow":["GET"]}}],"collection":[{"href":"http:\/\/www.cpps.universite-paris-saclay.fr\/index.php?rest_route=\/wp\/v2\/pages"}],"about":[{"href":"http:\/\/www.cpps.universite-paris-saclay.fr\/index.php?rest_route=\/wp\/v2\/types\/page"}],"author":[{"embeddable":true,"href":"http:\/\/www.cpps.universite-paris-saclay.fr\/index.php?rest_route=\/wp\/v2\/users\/1"}],"replies":[{"embeddable":true,"href":"http:\/\/www.cpps.universite-paris-saclay.fr\/index.php?rest_route=%2Fwp%2Fv2%2Fcomments&post=3504"}],"version-history":[{"count":13,"href":"http:\/\/www.cpps.universite-paris-saclay.fr\/index.php?rest_route=\/wp\/v2\/pages\/3504\/revisions"}],"predecessor-version":[{"id":3565,"href":"http:\/\/www.cpps.universite-paris-saclay.fr\/index.php?rest_route=\/wp\/v2\/pages\/3504\/revisions\/3565"}],"wp:attachment":[{"href":"http:\/\/www.cpps.universite-paris-saclay.fr\/index.php?rest_route=%2Fwp%2Fv2%2Fmedia&parent=3504"}],"curies":[{"name":"wp","href":"https:\/\/api.w.org\/{rel}","templated":true}]}}