{"id":35,"date":"2013-11-04T17:49:25","date_gmt":"2013-11-04T16:49:25","guid":{"rendered":"http:\/\/localhost:8888\/cpps\/?page_id=35"},"modified":"2025-03-18T19:36:12","modified_gmt":"2025-03-18T18:36:12","slug":"contacts","status":"publish","type":"page","link":"http:\/\/www.cpps.universite-paris-saclay.fr\/?page_id=35","title":{"rendered":"Contact &#8211; Liste Diffusion"},"content":{"rendered":"<p><strong>CONTACT<\/strong><\/p>\n<p>Gilles Gr\u00e9goire, Directeur : 01 69 15 31 03 <a href=\"mailto:gilles.gregoire@cnrs.fr?subject=CPPS\">Envoyer un message<\/a><\/p>\n<p>H\u00e9l\u00e8ne Pasquier, Directrice Adjointe : <a href=\"mailto:helene.pasquier@universite-paris-saclay.fr?subject=CPPS\">Envoyer un message<\/a><\/p>\n<p><strong>DIFFUSER UN MESSAGE<\/strong><\/p>\n<p><a href=\"mailto:cpps@services.cnrs.fr?subject=[CPPS]\">Envoyer un message sur la liste de diffusion<\/a><\/p>\n<p>Inscrivez vous :<\/p>\n<p><u><a href=\"https:\/\/listes.services.cnrs.fr\/wws\/info\/cpps\">https:\/\/listes.services.cnrs.fr\/wws\/info\/cpps<\/a><\/u><\/p>\n<p>&nbsp;<\/p>\n","protected":false},"excerpt":{"rendered":"<p>CONTACT Gilles Gr\u00e9goire, Directeur : 01 69 15 31 03 Envoyer un message H\u00e9l\u00e8ne Pasquier, Directrice Adjointe : Envoyer un message DIFFUSER UN MESSAGE Envoyer un message sur la liste de diffusion Inscrivez vous : https:\/\/listes.services.cnrs.fr\/wws\/info\/cpps &nbsp; <a class=\"continue-reading-link\" href=\"http:\/\/www.cpps.universite-paris-saclay.fr\/?page_id=35\"> Continue reading<\/a><\/p>\n","protected":false},"author":1,"featured_media":0,"parent":0,"menu_order":7,"comment_status":"closed","ping_status":"closed","template":"","meta":{"footnotes":""},"class_list":["post-35","page","type-page","status-publish","hentry"],"_links":{"self":[{"href":"http:\/\/www.cpps.universite-paris-saclay.fr\/index.php?rest_route=\/wp\/v2\/pages\/35","targetHints":{"allow":["GET"]}}],"collection":[{"href":"http:\/\/www.cpps.universite-paris-saclay.fr\/index.php?rest_route=\/wp\/v2\/pages"}],"about":[{"href":"http:\/\/www.cpps.universite-paris-saclay.fr\/index.php?rest_route=\/wp\/v2\/types\/page"}],"author":[{"embeddable":true,"href":"http:\/\/www.cpps.universite-paris-saclay.fr\/index.php?rest_route=\/wp\/v2\/users\/1"}],"replies":[{"embeddable":true,"href":"http:\/\/www.cpps.universite-paris-saclay.fr\/index.php?rest_route=%2Fwp%2Fv2%2Fcomments&post=35"}],"version-history":[{"count":17,"href":"http:\/\/www.cpps.universite-paris-saclay.fr\/index.php?rest_route=\/wp\/v2\/pages\/35\/revisions"}],"predecessor-version":[{"id":4012,"href":"http:\/\/www.cpps.universite-paris-saclay.fr\/index.php?rest_route=\/wp\/v2\/pages\/35\/revisions\/4012"}],"wp:attachment":[{"href":"http:\/\/www.cpps.universite-paris-saclay.fr\/index.php?rest_route=%2Fwp%2Fv2%2Fmedia&parent=35"}],"curies":[{"name":"wp","href":"https:\/\/api.w.org\/{rel}","templated":true}]}}