{"id":3260,"date":"2022-04-29T12:15:54","date_gmt":"2022-04-29T11:15:54","guid":{"rendered":"http:\/\/www.cpps.universite-paris-saclay.fr\/?page_id=3260"},"modified":"2026-03-30T10:00:38","modified_gmt":"2026-03-30T09:00:38","slug":"journee-cpps-2022","status":"publish","type":"page","link":"http:\/\/www.cpps.universite-paris-saclay.fr\/?page_id=3260","title":{"rendered":"Journ\u00e9e CPPS 2022"},"content":{"rendered":"<h4>La f\u00e9d\u00e9ration de Chimie-Physique de Paris Saclay CPPS organise sa journ\u00e9e scientifique annuelle le Mercredi 22 Juin 2022 \u00e0 l&rsquo;ENS Paris-Saclay, dans l&rsquo;amphith\u00e9\u00e2tre Dorogthy Hodgkin.<\/h4>\n<p><em><strong><a href=\"http:\/\/www.cpps.universite-paris-saclay.fr\/wp-content\/uploads\/2022\/06\/Plan-ENS-Paris-Saclay.pdf\" target=\"_blank\" rel=\"noopener\">Adresse, plan B\u00e2timent<\/a><\/strong><\/em><\/p>\n<p>L\u2019objectif de cette journ\u00e9e est de faire un tour d\u2019horizon des r\u00e9sultats scientifiques r\u00e9cents et des projets en chimie-physique au sein de CPPS et au-del\u00e0 au niveau de Paris-Saclay. Nous souhaitons que cette Journ\u00e9e Scientifique, gratuite et ouverte \u00e0 tous, soit un lieu convivial et de discussion entre laboratoires, entre \u00e9tudiants et chercheurs confirm\u00e9s.<\/p>\n<p>Un buffet est organis\u00e9 \u00e0 midi, des pauses caf\u00e9s le matin et l&rsquo;apr\u00e8s midi ainsi qu&rsquo;une session poster.<\/p>\n<p><a href=\"http:\/\/www.cpps.universite-paris-saclay.fr\/?page_id=2647\">toto pour aller sur la page<\/a><\/p>\n<p><em><strong><a href=\"http:\/\/www.cpps.universite-paris-saclay.fr\/wp-content\/uploads\/2022\/06\/CPPS-2022-Programme.pdf\" target=\"_blank\" rel=\"noopener\">T\u00e9l\u00e9charger le programme<\/a> avec les r\u00e9sum\u00e9s des communications orales et posters<\/strong><\/em><\/p>\n<p><strong>L&rsquo;inscription est gratuite mais obligatoire avant le 13\/06\/2022<\/strong> : <strong><a href=\"http:\/\/www.cpps.universite-paris-saclay.fr\/?page_id=2380\">INSCRIPTION <\/a><\/strong><\/p>\n<p>Nous aurons le plaisir d\u2019accueillir plusieurs physico-chimistes renomm\u00e9s (<a href=\"http:\/\/www.cpps.universite-paris-saclay.fr\/wp-content\/uploads\/2022\/06\/abstracts_invit\u00e9s.pdf\" target=\"_blank\" rel=\"noopener\">abstracts<\/a>)<\/p>\n<ul>\n<li><strong>Pr. Majed Chergui<\/strong> (EPFL) : <em>Ultrafast extreme ultraviolet to hard X-ray Pulses as probes of Molecular and Materials Dynamics<\/em><\/li>\n<li><strong>Nathana\u00eblle\u00a0<\/strong> <strong>Schneider<\/strong> (IPVF) : <em>ALD-oxide materials and surface modification for next-generation PV devices<\/em><\/li>\n<li><strong>G\u00e9rald Baldacchino<\/strong> (LIDYL) : <em>Effet de d\u00e9bits de dose extr\u00eames dans le r\u00e9gime femtoseconde dans l\u2019eau avec des \u00e9lectrons relativistes.<\/em><\/li>\n<\/ul>\n<p>En esp\u00e9rant vous voir nombreux \u00e0 cette journ\u00e9e.<\/p>\n<p>Pour le comit\u00e9 d&rsquo;organisation<\/p>\n<p>Remi M\u00e9tivier, H\u00e9l\u00e8ne Pasquier, Gilles Gr\u00e9goire<\/p>\n","protected":false},"excerpt":{"rendered":"<p>La f\u00e9d\u00e9ration de Chimie-Physique de Paris Saclay CPPS organise sa journ\u00e9e scientifique annuelle le Mercredi 22 Juin 2022 \u00e0 l&rsquo;ENS Paris-Saclay, dans l&rsquo;amphith\u00e9\u00e2tre Dorogthy Hodgkin. Adresse, plan B\u00e2timent L\u2019objectif de cette journ\u00e9e est de faire un tour d\u2019horizon des r\u00e9sultats scientifiques r\u00e9cents et des projets en chimie-physique au sein de \u2026 <a class=\"continue-reading-link\" href=\"http:\/\/www.cpps.universite-paris-saclay.fr\/?page_id=3260\"> Continue reading<\/a><\/p>\n","protected":false},"author":1,"featured_media":0,"parent":0,"menu_order":0,"comment_status":"closed","ping_status":"closed","template":"","meta":{"footnotes":""},"class_list":["post-3260","page","type-page","status-publish","hentry"],"_links":{"self":[{"href":"http:\/\/www.cpps.universite-paris-saclay.fr\/index.php?rest_route=\/wp\/v2\/pages\/3260","targetHints":{"allow":["GET"]}}],"collection":[{"href":"http:\/\/www.cpps.universite-paris-saclay.fr\/index.php?rest_route=\/wp\/v2\/pages"}],"about":[{"href":"http:\/\/www.cpps.universite-paris-saclay.fr\/index.php?rest_route=\/wp\/v2\/types\/page"}],"author":[{"embeddable":true,"href":"http:\/\/www.cpps.universite-paris-saclay.fr\/index.php?rest_route=\/wp\/v2\/users\/1"}],"replies":[{"embeddable":true,"href":"http:\/\/www.cpps.universite-paris-saclay.fr\/index.php?rest_route=%2Fwp%2Fv2%2Fcomments&post=3260"}],"version-history":[{"count":31,"href":"http:\/\/www.cpps.universite-paris-saclay.fr\/index.php?rest_route=\/wp\/v2\/pages\/3260\/revisions"}],"predecessor-version":[{"id":4230,"href":"http:\/\/www.cpps.universite-paris-saclay.fr\/index.php?rest_route=\/wp\/v2\/pages\/3260\/revisions\/4230"}],"wp:attachment":[{"href":"http:\/\/www.cpps.universite-paris-saclay.fr\/index.php?rest_route=%2Fwp%2Fv2%2Fmedia&parent=3260"}],"curies":[{"name":"wp","href":"https:\/\/api.w.org\/{rel}","templated":true}]}}