{"id":31,"date":"2013-11-04T17:48:37","date_gmt":"2013-11-04T16:48:37","guid":{"rendered":"http:\/\/localhost:8888\/cpps\/?page_id=31"},"modified":"2025-05-02T10:16:25","modified_gmt":"2025-05-02T09:16:25","slug":"agenda","status":"publish","type":"page","link":"http:\/\/www.cpps.universite-paris-saclay.fr\/?page_id=31","title":{"rendered":"ANIMATION SCIENTIFIQUE"},"content":{"rendered":"<table border=\"1\" cellspacing=\"0\" cellpadding=\"0\">\n<tbody>\n<tr>\n<td valign=\"top\"><a href=\"http:\/\/www.cpps.universite-paris-saclay.fr\/?page_id=3904\">2024<\/a><\/td>\n<td valign=\"top\"><a href=\"http:\/\/www.cpps.universite-paris-saclay.fr\/?page_id=3640\">2023<\/a><\/td>\n<td valign=\"top\"><a href=\"http:\/\/www.cpps.universite-paris-saclay.fr\/?page_id=3264\">2022<\/a><\/td>\n<td valign=\"top\"><a href=\"http:\/\/www.cpps.universite-paris-saclay.fr\/?page_id=3058\">2021<\/a><\/td>\n<td valign=\"top\"><a href=\"http:\/\/www.cpps.universite-paris-saclay.fr\/?page_id=2891\">2020<\/a><\/td>\n<td valign=\"top\"><a href=\"http:\/\/www.cpps.universite-paris-saclay.fr\/?page_id=2357\">2019<\/a><\/td>\n<td valign=\"top\"><a href=\"http:\/\/www.cpps.universite-paris-saclay.fr\/?page_id=1857\">2018<\/a><\/td>\n<td valign=\"top\"><a href=\"http:\/\/www.cpps.universite-paris-saclay.fr\/?page_id=1448\">2017<\/a><\/td>\n<\/tr>\n<\/tbody>\n<\/table>\n<p>Depuis sa cr\u00e9ation, la f\u00e9d\u00e9ration apporte son soutien \u00e0 des \u00e9v\u00e8nements scientifiques et des actions de formation organis\u00e9s par des laboratoires du p\u00e9rim\u00e8tre Paris-Saclay dans le domaine de la chimie physique.<\/p>\n<p>L&rsquo;organisation de manifestations locales avec une forte implication de membres de la f\u00e9d\u00e9ration sera privil\u00e9gi\u00e9e.<\/p>\n<p>Les d\u00e9cisions de financement sont prises au fil de l&rsquo;eau, et apr\u00e8s discussion au sein des Comit\u00e9 de Direction et Comit\u00e9 de Pilotage.<\/p>\n<p>Les demandes doivent \u00eatre envoy\u00e9es \u00e0 <a href=\"mailto:gilles.gregoire@cnrs.fr?subject=[CPPS demande de soutien]\">Gilles GREGOIRE<\/a> en pr\u00e9cisant le programme, le lieu et les dates de l&rsquo;\u00e9v\u00e9nement, le nombre de participants et le budget global.<\/p>\n<p>Les demandeurs s&rsquo;engagent \u00e0 faire figurer le logo de la f\u00e9d\u00e9ration sur leurs supports et \u00e0 fournir un rapport scientifique et financier de l&rsquo;\u00e9v\u00e8nement.<\/p>\n<p><a href=\"http:\/\/www.cpps.universite-paris-saclay.fr\/wp-content\/uploads\/2015\/04\/Logo_CPPS.zip\">T\u00e9l\u00e9charger le logo de CPPS<\/a><\/p>\n<p><img loading=\"lazy\" decoding=\"async\" class=\"alignnone wp-image-799\" src=\"http:\/\/www.cpps.universite-paris-saclay.fr\/wp-content\/uploads\/2015\/03\/Logo_CPPS.png\" width=\"212\" height=\"90\" srcset=\"http:\/\/www.cpps.universite-paris-saclay.fr\/wp-content\/uploads\/2015\/03\/Logo_CPPS.png 524w, http:\/\/www.cpps.universite-paris-saclay.fr\/wp-content\/uploads\/2015\/03\/Logo_CPPS-300x127.png 300w, http:\/\/www.cpps.universite-paris-saclay.fr\/wp-content\/uploads\/2015\/03\/Logo_CPPS-250x105.png 250w, http:\/\/www.cpps.universite-paris-saclay.fr\/wp-content\/uploads\/2015\/03\/Logo_CPPS-150x63.png 150w\" sizes=\"auto, (max-width: 212px) 100vw, 212px\" \/><\/p>\n","protected":false},"excerpt":{"rendered":"<p>2024 2023 2022 2021 2020 2019 2018 2017 Depuis sa cr\u00e9ation, la f\u00e9d\u00e9ration apporte son soutien \u00e0 des \u00e9v\u00e8nements scientifiques et des actions de formation organis\u00e9s par des laboratoires du p\u00e9rim\u00e8tre Paris-Saclay dans le domaine de la chimie physique. L&rsquo;organisation de manifestations locales avec une forte implication de membres de \u2026 <a class=\"continue-reading-link\" href=\"http:\/\/www.cpps.universite-paris-saclay.fr\/?page_id=31\"> Continue reading<\/a><\/p>\n","protected":false},"author":1,"featured_media":0,"parent":0,"menu_order":3,"comment_status":"closed","ping_status":"closed","template":"","meta":{"footnotes":""},"class_list":["post-31","page","type-page","status-publish","hentry"],"_links":{"self":[{"href":"http:\/\/www.cpps.universite-paris-saclay.fr\/index.php?rest_route=\/wp\/v2\/pages\/31","targetHints":{"allow":["GET"]}}],"collection":[{"href":"http:\/\/www.cpps.universite-paris-saclay.fr\/index.php?rest_route=\/wp\/v2\/pages"}],"about":[{"href":"http:\/\/www.cpps.universite-paris-saclay.fr\/index.php?rest_route=\/wp\/v2\/types\/page"}],"author":[{"embeddable":true,"href":"http:\/\/www.cpps.universite-paris-saclay.fr\/index.php?rest_route=\/wp\/v2\/users\/1"}],"replies":[{"embeddable":true,"href":"http:\/\/www.cpps.universite-paris-saclay.fr\/index.php?rest_route=%2Fwp%2Fv2%2Fcomments&post=31"}],"version-history":[{"count":81,"href":"http:\/\/www.cpps.universite-paris-saclay.fr\/index.php?rest_route=\/wp\/v2\/pages\/31\/revisions"}],"predecessor-version":[{"id":4043,"href":"http:\/\/www.cpps.universite-paris-saclay.fr\/index.php?rest_route=\/wp\/v2\/pages\/31\/revisions\/4043"}],"wp:attachment":[{"href":"http:\/\/www.cpps.universite-paris-saclay.fr\/index.php?rest_route=%2Fwp%2Fv2%2Fmedia&parent=31"}],"curies":[{"name":"wp","href":"https:\/\/api.w.org\/{rel}","templated":true}]}}