{"id":3045,"date":"2021-05-20T09:59:21","date_gmt":"2021-05-20T08:59:21","guid":{"rendered":"http:\/\/www.cpps.universite-paris-saclay.fr\/?page_id=3045"},"modified":"2022-05-30T10:50:53","modified_gmt":"2022-05-30T09:50:53","slug":"journee-cpps-2021","status":"publish","type":"page","link":"http:\/\/www.cpps.universite-paris-saclay.fr\/?page_id=3045","title":{"rendered":"Journ\u00e9e CPPS 2021"},"content":{"rendered":"<p>Apr\u00e8s une ann\u00e9e 2020 en quasi hibernation, la f\u00e9d\u00e9ration CPPS est tr\u00e8s heureuse de reprendre ses activit\u00e9s d&rsquo;animation scientifique.<\/p>\n<p><strong>La journ\u00e9e scientifique CPPS 2021 aura lieu le Jeudi 24 Juin en visio conf\u00e9rence de 9h00 \u00e0 12h00<\/strong>. Ce nouveau format de webconf\u00e9rence est volontairement raccourci \u00e0 une demi journ\u00e9e pendant laquelle deux conf\u00e9rences pl\u00e9ni\u00e8res ainsi que 4 communications orales seront donn\u00e9es.<\/p>\n<p><a href=\"http:\/\/www.cpps.universite-paris-saclay.fr\/wp-content\/uploads\/2021\/06\/Journ\u00e9e-CPPS-2021-programme.pdf\" target=\"_blank\">TELECHARGER le PROGRAMME<\/a><\/p>\n<p>Programme complet:<\/p>\n<p>(9h00 \u2013 9h10) Pr\u00e9sentation de la F\u00e9d\u00e9ration CPPS par <strong>Gilles Gr\u00e9goire<\/strong> (ISMO, directeur CPPS)<\/p>\n<p>(9h10 \u2013 9h50) <strong>Marc Robert<\/strong>\u00a0(Laboratoire d\u2019Electrochimie Mol\u00e9culaire, Universit\u00e9 de Paris) :<\/p>\n<p><em>Molecular (Photo)Electrochemical Reduction of CO<sub>2<\/sub>\u00a0\u00a0to C1 products with 2, 4, 6 and 8 Electrons. From Mechanistic Studies to Hybrid Systems and Devices<\/em><\/p>\n<p>(9h50 \u2013 10h10) <strong>Lucie Huart<\/strong> (NIMBE)\u00a0:<\/p>\n<p><em>Aqueous samples soft X-ray irradiation using a microfluidic device: A study of inner-shell ionization effects<\/em><\/p>\n<p>(10h10 \u2013 10h30) <strong>Vitor Brasiliense<\/strong> (PPSM) :<\/p>\n<p><em>Quantitative surface chemistry with wavefront imaging: dynamically monitoring grafting reactions with nanometric precision<\/em><\/p>\n<p>(10h30 \u2013 10h40) Pause<\/p>\n<p>(10h40 \u2013 11h10) <strong>Federica Agostini<\/strong>\u00a0(ICP, prix jeune chercheur CPPS 2019) :<\/p>\n<p><em>Ultrafast excited-state dynamics in molecules: From quantum to quantum-classical dynamics<\/em><\/p>\n<p>(11h10 \u2013 11h30) <strong>Ninette Abou Mrad<\/strong> (ICP) :<\/p>\n<p><em>Etude des peptides du collag\u00e8ne \u00e0 la recherche de biomarqueurs de l&rsquo;arthrose<\/em><\/p>\n<p>(11h30 \u2013 11h50) <strong>Jean-Baptiste Bodin<\/strong> (ISMO) :<\/p>\n<p><em>Biocompatible photoacoustic nanoparticular contrast agents based on Bodipy-scaffold and polylactide polymers<\/em><\/p>\n<p>&nbsp;<\/p>\n","protected":false},"excerpt":{"rendered":"<p>Apr\u00e8s une ann\u00e9e 2020 en quasi hibernation, la f\u00e9d\u00e9ration CPPS est tr\u00e8s heureuse de reprendre ses activit\u00e9s d&rsquo;animation scientifique. La journ\u00e9e scientifique CPPS 2021 aura lieu le Jeudi 24 Juin en visio conf\u00e9rence de 9h00 \u00e0 12h00. Ce nouveau format de webconf\u00e9rence est volontairement raccourci \u00e0 une demi journ\u00e9e pendant \u2026 <a class=\"continue-reading-link\" href=\"http:\/\/www.cpps.universite-paris-saclay.fr\/?page_id=3045\"> Continue reading<\/a><\/p>\n","protected":false},"author":1,"featured_media":0,"parent":0,"menu_order":0,"comment_status":"closed","ping_status":"closed","template":"","meta":{"footnotes":""},"class_list":["post-3045","page","type-page","status-publish","hentry"],"_links":{"self":[{"href":"http:\/\/www.cpps.universite-paris-saclay.fr\/index.php?rest_route=\/wp\/v2\/pages\/3045","targetHints":{"allow":["GET"]}}],"collection":[{"href":"http:\/\/www.cpps.universite-paris-saclay.fr\/index.php?rest_route=\/wp\/v2\/pages"}],"about":[{"href":"http:\/\/www.cpps.universite-paris-saclay.fr\/index.php?rest_route=\/wp\/v2\/types\/page"}],"author":[{"embeddable":true,"href":"http:\/\/www.cpps.universite-paris-saclay.fr\/index.php?rest_route=\/wp\/v2\/users\/1"}],"replies":[{"embeddable":true,"href":"http:\/\/www.cpps.universite-paris-saclay.fr\/index.php?rest_route=%2Fwp%2Fv2%2Fcomments&post=3045"}],"version-history":[{"count":18,"href":"http:\/\/www.cpps.universite-paris-saclay.fr\/index.php?rest_route=\/wp\/v2\/pages\/3045\/revisions"}],"predecessor-version":[{"id":3354,"href":"http:\/\/www.cpps.universite-paris-saclay.fr\/index.php?rest_route=\/wp\/v2\/pages\/3045\/revisions\/3354"}],"wp:attachment":[{"href":"http:\/\/www.cpps.universite-paris-saclay.fr\/index.php?rest_route=%2Fwp%2Fv2%2Fmedia&parent=3045"}],"curies":[{"name":"wp","href":"https:\/\/api.w.org\/{rel}","templated":true}]}}