{"id":2984,"date":"2021-01-28T16:56:04","date_gmt":"2021-01-28T15:56:04","guid":{"rendered":"http:\/\/www.cpps.universite-paris-saclay.fr\/?page_id=2984"},"modified":"2021-02-04T10:18:03","modified_gmt":"2021-02-04T09:18:03","slug":"prix-cpps-2020","status":"publish","type":"page","link":"http:\/\/www.cpps.universite-paris-saclay.fr\/?page_id=2984","title":{"rendered":"PRIX CPPS 2020"},"content":{"rendered":"<p>Le prix Jeune Chercheur de la F\u00e9d\u00e9ration de Chimie Physique de Paris-Saclay 2020 a \u00e9t\u00e9 attribu\u00e9 \u00e0 <strong>Marie-Aline Martin-Drumel<\/strong>, Charg\u00e9e de Recherche CNRS \u00e0 l&rsquo;Institut des Sciences Mol\u00e9culaires d&rsquo;Orsay.<\/p>\n<p>Ce prix consacre son travail et son apport important au rayonnement de la Chimie Physique dans le p\u00e9rim\u00e8tre Orsay-Palaiseau-Evry-Saclay.<\/p>\n<p>Le Comit\u00e9 reconnait en particulier ses travaux remarquables pour le d\u00e9veloppement de nouvelles m\u00e9thodes d\u2019acquisition et d\u2019analyse de mol\u00e9cules d\u2019int\u00e9r\u00eat astrophysique dans les domaines millim\u00e9trique et submillim\u00e9trique.<\/p>\n<p>Le comit\u00e9 reconnait aussi sa grande ind\u00e9pendance scientifique et ses efforts constants pour \u00e9tablir et p\u00e9renniser de nouvelles collaborations nationales et internationales. Le Comit\u00e9 est convaincu que ses recherches vont contribuer, d&rsquo;une mani\u00e8re significative, au rayonnement de la Chimie Physique, \u00e0 l&rsquo;\u00e9chelon local ainsi que sur le plan national et international.<\/p>\n<p>Toutes nos f\u00e9licitations !<\/p>\n<p><a href=\"http:\/\/www.cpps.universite-paris-saclay.fr\/?attachment_id=3019\" rel=\"attachment wp-att-3019\"><img loading=\"lazy\" decoding=\"async\" class=\"alignleft size-full wp-image-3019\" src=\"http:\/\/www.cpps.universite-paris-saclay.fr\/wp-content\/uploads\/2021\/02\/MAMartin-e1612430220796.jpg\" alt=\"\" width=\"400\" height=\"330\" \/><\/a><\/p>\n","protected":false},"excerpt":{"rendered":"<p>Le prix Jeune Chercheur de la F\u00e9d\u00e9ration de Chimie Physique de Paris-Saclay 2020 a \u00e9t\u00e9 attribu\u00e9 \u00e0 Marie-Aline Martin-Drumel, Charg\u00e9e de Recherche CNRS \u00e0 l&rsquo;Institut des Sciences Mol\u00e9culaires d&rsquo;Orsay. Ce prix consacre son travail et son apport important au rayonnement de la Chimie Physique dans le p\u00e9rim\u00e8tre Orsay-Palaiseau-Evry-Saclay. Le Comit\u00e9 \u2026 <a class=\"continue-reading-link\" href=\"http:\/\/www.cpps.universite-paris-saclay.fr\/?page_id=2984\"> Continue reading<\/a><\/p>\n","protected":false},"author":1,"featured_media":0,"parent":0,"menu_order":0,"comment_status":"closed","ping_status":"closed","template":"","meta":{"footnotes":""},"class_list":["post-2984","page","type-page","status-publish","hentry"],"_links":{"self":[{"href":"http:\/\/www.cpps.universite-paris-saclay.fr\/index.php?rest_route=\/wp\/v2\/pages\/2984","targetHints":{"allow":["GET"]}}],"collection":[{"href":"http:\/\/www.cpps.universite-paris-saclay.fr\/index.php?rest_route=\/wp\/v2\/pages"}],"about":[{"href":"http:\/\/www.cpps.universite-paris-saclay.fr\/index.php?rest_route=\/wp\/v2\/types\/page"}],"author":[{"embeddable":true,"href":"http:\/\/www.cpps.universite-paris-saclay.fr\/index.php?rest_route=\/wp\/v2\/users\/1"}],"replies":[{"embeddable":true,"href":"http:\/\/www.cpps.universite-paris-saclay.fr\/index.php?rest_route=%2Fwp%2Fv2%2Fcomments&post=2984"}],"version-history":[{"count":8,"href":"http:\/\/www.cpps.universite-paris-saclay.fr\/index.php?rest_route=\/wp\/v2\/pages\/2984\/revisions"}],"predecessor-version":[{"id":3022,"href":"http:\/\/www.cpps.universite-paris-saclay.fr\/index.php?rest_route=\/wp\/v2\/pages\/2984\/revisions\/3022"}],"wp:attachment":[{"href":"http:\/\/www.cpps.universite-paris-saclay.fr\/index.php?rest_route=%2Fwp%2Fv2%2Fmedia&parent=2984"}],"curies":[{"name":"wp","href":"https:\/\/api.w.org\/{rel}","templated":true}]}}