{"id":2956,"date":"2020-09-28T14:09:22","date_gmt":"2020-09-28T13:09:22","guid":{"rendered":"http:\/\/www.cpps.universite-paris-saclay.fr\/?page_id=2956"},"modified":"2025-06-03T09:50:31","modified_gmt":"2025-06-03T08:50:31","slug":"ecole-dete-physico-chimie-et-problematiques-societales-contemporaines","status":"publish","type":"page","link":"http:\/\/www.cpps.universite-paris-saclay.fr\/?page_id=2956","title":{"rendered":"Ecole d&rsquo;\u00e9t\u00e9"},"content":{"rendered":"\n<h2 class=\"wp-block-heading entry-title\">4\u00e8me \u00e9cole d\u2019\u00e9t\u00e9 \u00ab&nbsp;Physico-chimie et probl\u00e9matiques soci\u00e9tales contemporaines&nbsp;\u00bb<\/h2>\n\n\n<div class=\"wp-block-image\">\n<figure class=\"aligncenter\"><a href=\"http:\/\/www.cpps.universite-paris-saclay.fr\/?attachment_id=4018\" rel=\"attachment wp-att-3871\"><img loading=\"lazy\" decoding=\"async\" width=\"676\" height=\"858\" src=\"http:\/\/www.cpps.universite-paris-saclay.fr\/wp-content\/uploads\/2025\/05\/page-web-e1746173987921.jpg\" alt=\"\" class=\"wp-image-4018\" srcset=\"http:\/\/www.cpps.universite-paris-saclay.fr\/wp-content\/uploads\/2025\/05\/page-web-e1746173987921.jpg 676w, http:\/\/www.cpps.universite-paris-saclay.fr\/wp-content\/uploads\/2025\/05\/page-web-e1746173987921-236x300.jpg 236w, http:\/\/www.cpps.universite-paris-saclay.fr\/wp-content\/uploads\/2025\/05\/page-web-e1746173987921-118x150.jpg 118w\" sizes=\"auto, (max-width: 676px) 100vw, 676px\" \/><\/a><\/figure><\/div>\n\n\n<p>&nbsp;<\/p>\n\n\n\n<h2 class=\"wp-block-heading\"><\/h2>\n\n\n\n<p>&nbsp;<strong>Objectifs :<\/strong><\/p>\n\n\n\n<p>Le but de l\u2019\u00e9cole est de sensibiliser les \u00e9tudiant(e)s \u00e0 l\u2019importance de la chimie physique et aux possibilit\u00e9s consid\u00e9rables de formation offertes par l\u2019universit\u00e9 dans ce domaine. Cette \u00e9cole s\u2019appuie sur les infrastructures consid\u00e9rables et la qualit\u00e9 des formations et de la recherche pr\u00e9sents \u00e0 l\u2019Universit\u00e9.<\/p>\n\n\n\n<p>&nbsp;<\/p>\n\n\n\n<p><strong>Description g\u00e9n\u00e9rale du programme :<\/strong><\/p>\n\n\n\n<p>Cinq journ\u00e9es avec \u00e0 chaque fois (i) un th\u00e8me de soci\u00e9t\u00e9 pr\u00e9sent\u00e9 en d\u00e9but de journ\u00e9e, (ii) visite des laboratoires avec organisation de Travaux Pratiques (iii) r\u00f4le actif des \u00e9tudiant(e)s sous la forme de questions \u00e0 discuter entre eux puis avec l\u2019intervenant. Le vendredi apr\u00e8s-midi, les \u00e9tudiant(e)s feront le bilan de la semaine avec les organisateurs.<\/p>\n\n\n\n<p><a href=\"http:\/\/www.cpps.universite-paris-saclay.fr\/wp-content\/uploads\/2025\/06\/Ecole-CPPS-2025.pdf\" target=\"_blank\" rel=\"noreferrer noopener\">\u00a0<strong>T\u00e9l\u00e9charger le programme<\/strong><\/a><strong><br><\/strong><\/p>\n\n\n\n<p>&nbsp;<strong>Public cibl\u00e9 <\/strong>:<\/p>\n\n\n\n<p>Etudiant(e)s de L3 ou Magist\u00e8re 1 en Chimie et\/ou Physique (possibilit\u00e9 pour d\u2019autres fili\u00e8res) des universit\u00e9s de Paris-Saclay, d\u2019\u00c9vry-Val-d&rsquo;Essonne et de Versailles-Saint-Quentin-en-Yvelines. L\u2019\u00e9cole est ouverte aussi aux L2, M1 et M2. Pour les \u00e9tudiant(e)s faisant un stage, un avenant leur permettra d\u2019intercaler l\u2019\u00e9cole \u00e0 l\u2019int\u00e9rieur du stage.<\/p>\n\n\n\n<p><strong>Inscription :<\/strong><\/p>\n\n\n\n<p>Inscription gratuite mais obligatoire, apr\u00e8s validation par les organisateurs et dans la limite des places disponibles. Les cours, TPs, visites des installations scientifiques, d\u00e9jeuners sont pris en charge par l&rsquo;organisation.<\/p>\n\n\n\n<p><a href=\"http:\/\/www.cpps.universite-paris-saclay.fr\/?page_id=2380\">Lien vers l&rsquo;inscription<\/a><\/p>\n\n\n\n<p><strong>Organisateur &#8211; Contact<\/strong><\/p>\n\n\n\n<p>H\u00e9l\u00e8ne Pasquier : <a href=\"mailto:helene.pasquier@universite-paris-saclay.fr?subject=Ecole d'\u00e9t\u00e9 Chimie Physique\">mel<\/a><\/p>\n\n\n\n<p><\/p>\n","protected":false},"excerpt":{"rendered":"<p>4\u00e8me \u00e9cole d\u2019\u00e9t\u00e9 \u00ab&nbsp;Physico-chimie et probl\u00e9matiques soci\u00e9tales contemporaines&nbsp;\u00bb &nbsp; &nbsp;Objectifs : Le but de l\u2019\u00e9cole est de sensibiliser les \u00e9tudiant(e)s \u00e0 l\u2019importance de la chimie physique et aux possibilit\u00e9s consid\u00e9rables de formation offertes par l\u2019universit\u00e9 dans ce domaine. Cette \u00e9cole s\u2019appuie sur les infrastructures consid\u00e9rables et la qualit\u00e9 des formations \u2026 <a class=\"continue-reading-link\" href=\"http:\/\/www.cpps.universite-paris-saclay.fr\/?page_id=2956\"> Continue reading<\/a><\/p>\n","protected":false},"author":1,"featured_media":0,"parent":0,"menu_order":0,"comment_status":"closed","ping_status":"closed","template":"","meta":{"footnotes":""},"class_list":["post-2956","page","type-page","status-publish","hentry"],"_links":{"self":[{"href":"http:\/\/www.cpps.universite-paris-saclay.fr\/index.php?rest_route=\/wp\/v2\/pages\/2956","targetHints":{"allow":["GET"]}}],"collection":[{"href":"http:\/\/www.cpps.universite-paris-saclay.fr\/index.php?rest_route=\/wp\/v2\/pages"}],"about":[{"href":"http:\/\/www.cpps.universite-paris-saclay.fr\/index.php?rest_route=\/wp\/v2\/types\/page"}],"author":[{"embeddable":true,"href":"http:\/\/www.cpps.universite-paris-saclay.fr\/index.php?rest_route=\/wp\/v2\/users\/1"}],"replies":[{"embeddable":true,"href":"http:\/\/www.cpps.universite-paris-saclay.fr\/index.php?rest_route=%2Fwp%2Fv2%2Fcomments&post=2956"}],"version-history":[{"count":61,"href":"http:\/\/www.cpps.universite-paris-saclay.fr\/index.php?rest_route=\/wp\/v2\/pages\/2956\/revisions"}],"predecessor-version":[{"id":4057,"href":"http:\/\/www.cpps.universite-paris-saclay.fr\/index.php?rest_route=\/wp\/v2\/pages\/2956\/revisions\/4057"}],"wp:attachment":[{"href":"http:\/\/www.cpps.universite-paris-saclay.fr\/index.php?rest_route=%2Fwp%2Fv2%2Fmedia&parent=2956"}],"curies":[{"name":"wp","href":"https:\/\/api.w.org\/{rel}","templated":true}]}}