{"id":29,"date":"2013-11-04T17:48:19","date_gmt":"2013-11-04T16:48:19","guid":{"rendered":"http:\/\/localhost:8888\/cpps\/?page_id=29"},"modified":"2020-01-17T18:29:27","modified_gmt":"2020-01-17T17:29:27","slug":"chimie-physique","status":"publish","type":"page","link":"http:\/\/www.cpps.universite-paris-saclay.fr\/?page_id=29","title":{"rendered":"Chimie Physique"},"content":{"rendered":"<p>La Chimie Physique est par essence aux interfaces avec de multiples disciplines. Elle s\u2019appuie en effet sur les concepts de la Chimie, de la Physique et des Math\u00e9matiques pour d\u00e9velopper de nouvelles m\u00e9thodes et des mod\u00e8les pr\u00e9dictifs pour des domaines aussi divers que la m\u00e9decine, la biologie mol\u00e9culaire, la biochimie, l\u2019ing\u00e9nierie mol\u00e9culaire, le g\u00e9nie des proc\u00e9d\u00e9s, la science des mat\u00e9riaux et les sciences de la terre. Ainsi, nos laboratoires ont des liens tr\u00e8s forts avec les autres disciplines sur le campus de Paris-Saclay.<\/p>\n<ul>\n<li><a href=\"https:\/\/rapports-du-comite-national.cnrs.fr\/publications\" target=\"_blank\">Rapport de Conjoncture 2018 du CoNRS<\/a><\/li>\n<\/ul>\n<p>La Chimie Physique, ou Physicochimie, est une discipline repr\u00e9sent\u00e9e au CoNRS et au CNU\u00a0:<\/p>\n<ul>\n<li><a href=\"http:\/\/www.cnrs.fr\/comitenational\/sections\/section.php?sec=13\" target=\"_blank\">Physicochimie\u00a0: Mol\u00e9cules, milieux<\/a>\n<ul>\n<li>Section 13 du Comit\u00e9 National de la Recherche Scientifique (CoNRS)<\/li>\n<\/ul>\n<\/li>\n<li><a href=\"https:\/\/www.conseil-national-des-universites.fr\/cnu\/#\/entite\/entiteName\/CNU\/idChild\/33\/idNode\/4084-4089\" target=\"_blank\">Chimie Th\u00e9orique, physique, Analytique<\/a>\n<ul>\n<li>Section 31 du Conseil National des Universit\u00e9s (CNU)<\/li>\n<\/ul>\n<\/li>\n<\/ul>\n<p>Au niveau national, une division de la Soci\u00e9t\u00e9 Chimique de France (SCF) f\u00e9d\u00e8re les physicochimistes\u00a0:<\/p>\n<ul>\n<li><a href=\"http:\/\/www.societechimiquedefrance.fr\/spip.php?page=news-entite&amp;id_rubrique=101\" target=\"_blank\">Soci\u00e9t\u00e9 Chimique de France<\/a><\/li>\n<li><a href=\"http:\/\/divchimiephysique.wixsite.com\/sitedcp\" target=\"_blank\">Division Chimie Physique <\/a> commune \u00e0 la SCF et la SFP<\/li>\n<\/ul>\n<p>A lire :<br \/>\n<img loading=\"lazy\" decoding=\"async\" class=\"puce\" src=\"http:\/\/www.lcp.u-psud.fr\/squelettes-dist\/puce.gif\" alt=\"-\" width=\"8\" height=\"11\" \/>\u00a0l\u2019\u00e9dition de mai 2015 de la revue r\u00e9alit\u00e9s industrielles intitul\u00e9e <a class=\"spip_out\" href=\"http:\/\/www.annales.org\/ri\/2015\/mai\/10-ri-resum-FR-AN-AL-ES-mai-2015.html#10FR\" target=\"_blank\"><i><span style=\"color: #0066cc;\">\u00ab\u00a0L\u2019industrie chimique\u00a0: quel avenir en France\u00a0?\u00a0\u00bb<\/span><\/i><\/a> co-sign\u00e9 par Dominique Massiot, directeur de l\u2019Institut National de Chimie (INC) du CNRS et ses adjoints<\/p>\n","protected":false},"excerpt":{"rendered":"<p>La Chimie Physique est par essence aux interfaces avec de multiples disciplines. Elle s\u2019appuie en effet sur les concepts de la Chimie, de la Physique et des Math\u00e9matiques pour d\u00e9velopper de nouvelles m\u00e9thodes et des mod\u00e8les pr\u00e9dictifs pour des domaines aussi divers que la m\u00e9decine, la biologie mol\u00e9culaire, la biochimie, \u2026 <a class=\"continue-reading-link\" href=\"http:\/\/www.cpps.universite-paris-saclay.fr\/?page_id=29\"> Continue reading<\/a><\/p>\n","protected":false},"author":1,"featured_media":0,"parent":1008,"menu_order":6,"comment_status":"closed","ping_status":"open","template":"","meta":{"footnotes":""},"class_list":["post-29","page","type-page","status-publish","hentry"],"_links":{"self":[{"href":"http:\/\/www.cpps.universite-paris-saclay.fr\/index.php?rest_route=\/wp\/v2\/pages\/29","targetHints":{"allow":["GET"]}}],"collection":[{"href":"http:\/\/www.cpps.universite-paris-saclay.fr\/index.php?rest_route=\/wp\/v2\/pages"}],"about":[{"href":"http:\/\/www.cpps.universite-paris-saclay.fr\/index.php?rest_route=\/wp\/v2\/types\/page"}],"author":[{"embeddable":true,"href":"http:\/\/www.cpps.universite-paris-saclay.fr\/index.php?rest_route=\/wp\/v2\/users\/1"}],"replies":[{"embeddable":true,"href":"http:\/\/www.cpps.universite-paris-saclay.fr\/index.php?rest_route=%2Fwp%2Fv2%2Fcomments&post=29"}],"version-history":[{"count":21,"href":"http:\/\/www.cpps.universite-paris-saclay.fr\/index.php?rest_route=\/wp\/v2\/pages\/29\/revisions"}],"predecessor-version":[{"id":2875,"href":"http:\/\/www.cpps.universite-paris-saclay.fr\/index.php?rest_route=\/wp\/v2\/pages\/29\/revisions\/2875"}],"up":[{"embeddable":true,"href":"http:\/\/www.cpps.universite-paris-saclay.fr\/index.php?rest_route=\/wp\/v2\/pages\/1008"}],"wp:attachment":[{"href":"http:\/\/www.cpps.universite-paris-saclay.fr\/index.php?rest_route=%2Fwp%2Fv2%2Fmedia&parent=29"}],"curies":[{"name":"wp","href":"https:\/\/api.w.org\/{rel}","templated":true}]}}