{"id":2866,"date":"2020-01-17T14:37:26","date_gmt":"2020-01-17T13:37:26","guid":{"rendered":"http:\/\/www.cpps.universite-paris-saclay.fr\/?page_id=2866"},"modified":"2020-01-17T14:37:26","modified_gmt":"2020-01-17T13:37:26","slug":"thematiques","status":"publish","type":"page","link":"http:\/\/www.cpps.universite-paris-saclay.fr\/?page_id=2866","title":{"rendered":"Th\u00e9matiques"},"content":{"rendered":"<p>Depuis sa cr\u00e9ation, la f\u00e9d\u00e9ration a contribu\u00e9 \u00e0 la r\u00e9alisation d&rsquo;une cinquantaine de manifestations. Des th\u00e9matiques bien ancr\u00e9es dans le p\u00e9rim\u00e8tre Palaiseau-Orsay-Saclay-Evry telles que la chimie th\u00e9orique, la spectroscopie, la dynamique ou encore la biophysique sont bien repr\u00e9sent\u00e9es.<\/p>\n<p>Une ventilation th\u00e9matique est illustr\u00e9e dans la figure ci-dessous.<\/p>\n<p><img loading=\"lazy\" decoding=\"async\" class=\"alignleft wp-image-2346\" src=\"http:\/\/www.cpps.u-psud.fr\/wp-content\/uploads\/2019\/02\/Th\u00e9matiques.jpg\" alt=\"\" width=\"474\" height=\"219\" srcset=\"http:\/\/www.cpps.universite-paris-saclay.fr\/wp-content\/uploads\/2019\/02\/Th\u00e9matiques.jpg 998w, http:\/\/www.cpps.universite-paris-saclay.fr\/wp-content\/uploads\/2019\/02\/Th\u00e9matiques-300x139.jpg 300w, http:\/\/www.cpps.universite-paris-saclay.fr\/wp-content\/uploads\/2019\/02\/Th\u00e9matiques-768x355.jpg 768w, http:\/\/www.cpps.universite-paris-saclay.fr\/wp-content\/uploads\/2019\/02\/Th\u00e9matiques-250x115.jpg 250w, http:\/\/www.cpps.universite-paris-saclay.fr\/wp-content\/uploads\/2019\/02\/Th\u00e9matiques-150x69.jpg 150w\" sizes=\"auto, (max-width: 474px) 100vw, 474px\" \/><\/p>\n","protected":false},"excerpt":{"rendered":"<p>Depuis sa cr\u00e9ation, la f\u00e9d\u00e9ration a contribu\u00e9 \u00e0 la r\u00e9alisation d&rsquo;une cinquantaine de manifestations. Des th\u00e9matiques bien ancr\u00e9es dans le p\u00e9rim\u00e8tre Palaiseau-Orsay-Saclay-Evry telles que la chimie th\u00e9orique, la spectroscopie, la dynamique ou encore la biophysique sont bien repr\u00e9sent\u00e9es. Une ventilation th\u00e9matique est illustr\u00e9e dans la figure ci-dessous. <a class=\"continue-reading-link\" href=\"http:\/\/www.cpps.universite-paris-saclay.fr\/?page_id=2866\"> Continue reading<\/a><\/p>\n","protected":false},"author":1,"featured_media":0,"parent":0,"menu_order":0,"comment_status":"closed","ping_status":"closed","template":"","meta":{"footnotes":""},"class_list":["post-2866","page","type-page","status-publish","hentry"],"_links":{"self":[{"href":"http:\/\/www.cpps.universite-paris-saclay.fr\/index.php?rest_route=\/wp\/v2\/pages\/2866","targetHints":{"allow":["GET"]}}],"collection":[{"href":"http:\/\/www.cpps.universite-paris-saclay.fr\/index.php?rest_route=\/wp\/v2\/pages"}],"about":[{"href":"http:\/\/www.cpps.universite-paris-saclay.fr\/index.php?rest_route=\/wp\/v2\/types\/page"}],"author":[{"embeddable":true,"href":"http:\/\/www.cpps.universite-paris-saclay.fr\/index.php?rest_route=\/wp\/v2\/users\/1"}],"replies":[{"embeddable":true,"href":"http:\/\/www.cpps.universite-paris-saclay.fr\/index.php?rest_route=%2Fwp%2Fv2%2Fcomments&post=2866"}],"version-history":[{"count":2,"href":"http:\/\/www.cpps.universite-paris-saclay.fr\/index.php?rest_route=\/wp\/v2\/pages\/2866\/revisions"}],"predecessor-version":[{"id":2869,"href":"http:\/\/www.cpps.universite-paris-saclay.fr\/index.php?rest_route=\/wp\/v2\/pages\/2866\/revisions\/2869"}],"wp:attachment":[{"href":"http:\/\/www.cpps.universite-paris-saclay.fr\/index.php?rest_route=%2Fwp%2Fv2%2Fmedia&parent=2866"}],"curies":[{"name":"wp","href":"https:\/\/api.w.org\/{rel}","templated":true}]}}