{"id":2719,"date":"2020-01-15T10:32:38","date_gmt":"2020-01-15T09:32:38","guid":{"rendered":"http:\/\/www.cpps.universite-paris-saclay.fr\/?page_id=2719"},"modified":"2026-02-25T10:09:31","modified_gmt":"2026-02-25T09:09:31","slug":"bourse-jeune-conference","status":"publish","type":"page","link":"http:\/\/www.cpps.universite-paris-saclay.fr\/?page_id=2719","title":{"rendered":"BOURSE JEUNE &#8211; FORMATION\/CONFERENCE"},"content":{"rendered":"<p>La F\u00e9d\u00e9ration de Chimie Physique de Paris-Saclay lance un appel <strong> \u00ab\u00a0Bourse Jeune &#8211; Formation\/Conf\u00e9rence\u00a0\u00bb<\/strong> destin\u00e9 aux doctorantes, doctorants ou post-doctorants appartenant \u00e0 une \u00e9quipe de recherche membre de la f\u00e9d\u00e9ration. La th\u00e9matique de la formation ou de la conf\u00e9rence devra \u00eatre clairement en lien avec les activit\u00e9s en Chimie-Physique port\u00e9es par la f\u00e9d\u00e9ration. CPPS pourra apporter une aide (500 \u20ac maximum) au financement :<\/p>\n<p><strong>&#8211; d&rsquo;une participation \u00e0 une conf\u00e9rence nationale ou internationale en lien avec la chimie-physique<br \/>\n<\/strong><\/p>\n<p><strong>&#8211; d&rsquo;une inscription \u00e0 une action de formation \/ \u00e9cole en chimie physique<\/strong><\/p>\n<p><strong>\u00a0L\u2019appel 2026 est ouvert du 9 mars 2026 au 3 avril 2026<\/strong><\/p>\n<p>Si la demande est accept\u00e9e, la bourse sera transf\u00e9r\u00e9e au laboratoire qui prendra en charge la mission. La mission devra avoir lieu dans l&rsquo;ann\u00e9e en cours.<\/p>\n<p>Vu le nombre \u00e9lev\u00e9 de demandes re\u00e7ues chaque ann\u00e9e, une bourse \u00ab\u00a0formation\u00a0\u00bb <strong>et<\/strong> une bourse \u00ab\u00a0conf\u00e9rence\u00a0\u00bb pourront \u00eatre accord\u00e9es pendant la dur\u00e9e du contrat. Toute demande suppl\u00e9mentaire ne pourra \u00eatre consid\u00e9r\u00e9e qu\u2019\u00e0 titre exceptionnel et devra \u00eatre d\u00fbment justifi\u00e9e par le responsable de l\u2019\u00e9quipe.<\/p>\n<p>Les doctorantes, doctorants ou post-doctorants souhaitant postuler \u00e0 cet appel doivent remplir\u00a0<a href=\"http:\/\/www.cpps.universite-paris-saclay.fr\/wp-content\/uploads\/2026\/02\/Formation-conference_CPPS_2026.docx\">ce formulaire<\/a> en pr\u00e9cisant:<\/p>\n<ul>\n<li>\u00a0Pour une conf\u00e9rence, le type (national\/international), le titre, le lieu, les dates. Pr\u00e9ciser le r\u00f4le du doctorant\/post-doctorant (conf\u00e9rencier, pr\u00e9sentation affiche,orale). Dans le cas o\u00f9 une pr\u00e9sentation orale ou par affiche est demand\u00e9e, joindre le r\u00e9sum\u00e9 soumis et pr\u00e9ciser le statut de la demande (en cours, accept\u00e9e).<\/li>\n<\/ul>\n<ul>\n<li>Pour une formation, mentionnez le titre, le lieu et les dates.<\/li>\n<\/ul>\n<p>&nbsp;<\/p>\n","protected":false},"excerpt":{"rendered":"<p>La F\u00e9d\u00e9ration de Chimie Physique de Paris-Saclay lance un appel \u00ab\u00a0Bourse Jeune &#8211; Formation\/Conf\u00e9rence\u00a0\u00bb destin\u00e9 aux doctorantes, doctorants ou post-doctorants appartenant \u00e0 une \u00e9quipe de recherche membre de la f\u00e9d\u00e9ration. La th\u00e9matique de la formation ou de la conf\u00e9rence devra \u00eatre clairement en lien avec les activit\u00e9s en Chimie-Physique port\u00e9es \u2026 <a class=\"continue-reading-link\" href=\"http:\/\/www.cpps.universite-paris-saclay.fr\/?page_id=2719\"> Continue reading<\/a><\/p>\n","protected":false},"author":1,"featured_media":0,"parent":2690,"menu_order":2,"comment_status":"closed","ping_status":"closed","template":"","meta":{"footnotes":""},"class_list":["post-2719","page","type-page","status-publish","hentry"],"_links":{"self":[{"href":"http:\/\/www.cpps.universite-paris-saclay.fr\/index.php?rest_route=\/wp\/v2\/pages\/2719","targetHints":{"allow":["GET"]}}],"collection":[{"href":"http:\/\/www.cpps.universite-paris-saclay.fr\/index.php?rest_route=\/wp\/v2\/pages"}],"about":[{"href":"http:\/\/www.cpps.universite-paris-saclay.fr\/index.php?rest_route=\/wp\/v2\/types\/page"}],"author":[{"embeddable":true,"href":"http:\/\/www.cpps.universite-paris-saclay.fr\/index.php?rest_route=\/wp\/v2\/users\/1"}],"replies":[{"embeddable":true,"href":"http:\/\/www.cpps.universite-paris-saclay.fr\/index.php?rest_route=%2Fwp%2Fv2%2Fcomments&post=2719"}],"version-history":[{"count":24,"href":"http:\/\/www.cpps.universite-paris-saclay.fr\/index.php?rest_route=\/wp\/v2\/pages\/2719\/revisions"}],"predecessor-version":[{"id":4220,"href":"http:\/\/www.cpps.universite-paris-saclay.fr\/index.php?rest_route=\/wp\/v2\/pages\/2719\/revisions\/4220"}],"up":[{"embeddable":true,"href":"http:\/\/www.cpps.universite-paris-saclay.fr\/index.php?rest_route=\/wp\/v2\/pages\/2690"}],"wp:attachment":[{"href":"http:\/\/www.cpps.universite-paris-saclay.fr\/index.php?rest_route=%2Fwp%2Fv2%2Fmedia&parent=2719"}],"curies":[{"name":"wp","href":"https:\/\/api.w.org\/{rel}","templated":true}]}}