{"id":2704,"date":"2020-01-15T09:07:35","date_gmt":"2020-01-15T08:07:35","guid":{"rendered":"http:\/\/www.cpps.universite-paris-saclay.fr\/?page_id=2704"},"modified":"2026-02-25T10:03:59","modified_gmt":"2026-02-25T09:03:59","slug":"bourse-jeune-collaboration","status":"publish","type":"page","link":"http:\/\/www.cpps.universite-paris-saclay.fr\/?page_id=2704","title":{"rendered":"BOURSE JEUNE &#8211; COLLABORATION"},"content":{"rendered":"<p>La F\u00e9d\u00e9ration de Chimie Physique de Paris-Saclay lance un appel \u00ab\u00a0<strong>Bourse Jeune &#8211; Collaboration<\/strong>\u00a0\u00bb destin\u00e9 aux doctorantes, doctorants ou post-doctorants appartenant \u00e0 une \u00e9quipe membre de la f\u00e9d\u00e9ration. Le projet devra \u00eatre clairement en lien avec les th\u00e9matiques de Chimie-Physique port\u00e9es par la f\u00e9d\u00e9ration. CPPS pourra apporter une aide de <strong>max<\/strong> <strong>500 \u20ac pour une mission en France\/EU et max 1000 \u20ac hors EU<\/strong> au financement :<\/p>\n<p>&#8211; d&rsquo;un s\u00e9jour dans un laboratoire ext\u00e9rieur \u00e0 Paris-Saclay dans le cadre d&rsquo;une collaboration<\/p>\n<p>L&rsquo;appel est ouvert au fil de l\u2019eau, la mission ayant lieu en cours d&rsquo;ann\u00e9e.<\/p>\n<p>Les doctorantes, doctorants ou post-doctorants souhaitant postuler \u00e0 cet appel doivent remplir <a href=\"http:\/\/www.cpps.universite-paris-saclay.fr\/wp-content\/uploads\/2026\/02\/collaboration_CPPS.docx\" target=\"_blank\" rel=\"noopener\">ce formulaire<\/a> en pr\u00e9cisant l\u2019\u00e9quipe d\u2019accueil, le nom des principaux chercheurs impliqu\u00e9s ainsi qu\u2019un r\u00e9sum\u00e9 du projet et du travail pr\u00e9vu (1 page max).<\/p>\n\n\n<p><\/p>\n","protected":false},"excerpt":{"rendered":"<p>La F\u00e9d\u00e9ration de Chimie Physique de Paris-Saclay lance un appel \u00ab\u00a0Bourse Jeune &#8211; Collaboration\u00a0\u00bb destin\u00e9 aux doctorantes, doctorants ou post-doctorants appartenant \u00e0 une \u00e9quipe membre de la f\u00e9d\u00e9ration. Le projet devra \u00eatre clairement en lien avec les th\u00e9matiques de Chimie-Physique port\u00e9es par la f\u00e9d\u00e9ration. CPPS pourra apporter une aide de \u2026 <a class=\"continue-reading-link\" href=\"http:\/\/www.cpps.universite-paris-saclay.fr\/?page_id=2704\"> Continue reading<\/a><\/p>\n","protected":false},"author":1,"featured_media":0,"parent":2690,"menu_order":1,"comment_status":"closed","ping_status":"closed","template":"","meta":{"footnotes":""},"class_list":["post-2704","page","type-page","status-publish","hentry"],"_links":{"self":[{"href":"http:\/\/www.cpps.universite-paris-saclay.fr\/index.php?rest_route=\/wp\/v2\/pages\/2704","targetHints":{"allow":["GET"]}}],"collection":[{"href":"http:\/\/www.cpps.universite-paris-saclay.fr\/index.php?rest_route=\/wp\/v2\/pages"}],"about":[{"href":"http:\/\/www.cpps.universite-paris-saclay.fr\/index.php?rest_route=\/wp\/v2\/types\/page"}],"author":[{"embeddable":true,"href":"http:\/\/www.cpps.universite-paris-saclay.fr\/index.php?rest_route=\/wp\/v2\/users\/1"}],"replies":[{"embeddable":true,"href":"http:\/\/www.cpps.universite-paris-saclay.fr\/index.php?rest_route=%2Fwp%2Fv2%2Fcomments&post=2704"}],"version-history":[{"count":22,"href":"http:\/\/www.cpps.universite-paris-saclay.fr\/index.php?rest_route=\/wp\/v2\/pages\/2704\/revisions"}],"predecessor-version":[{"id":4223,"href":"http:\/\/www.cpps.universite-paris-saclay.fr\/index.php?rest_route=\/wp\/v2\/pages\/2704\/revisions\/4223"}],"up":[{"embeddable":true,"href":"http:\/\/www.cpps.universite-paris-saclay.fr\/index.php?rest_route=\/wp\/v2\/pages\/2690"}],"wp:attachment":[{"href":"http:\/\/www.cpps.universite-paris-saclay.fr\/index.php?rest_route=%2Fwp%2Fv2%2Fmedia&parent=2704"}],"curies":[{"name":"wp","href":"https:\/\/api.w.org\/{rel}","templated":true}]}}