{"id":27,"date":"2013-11-04T17:48:10","date_gmt":"2013-11-04T16:48:10","guid":{"rendered":"http:\/\/localhost:8888\/cpps\/?page_id=27"},"modified":"2023-03-15T09:44:45","modified_gmt":"2023-03-15T08:44:45","slug":"thematiques-federatrices","status":"publish","type":"page","link":"http:\/\/www.cpps.universite-paris-saclay.fr\/?page_id=27","title":{"rendered":"Actions"},"content":{"rendered":"<p>La f\u00e9d\u00e9ration a pour missions :<\/p>\n<ul>\n<li>L\u2019animation scientifique par l\u2019organisation de sa journ\u00e9e annuelle<\/li>\n<li style=\"text-align: left;\">Le soutien \u00e0 l&rsquo;organisation de <a href=\"http:\/\/www.cpps.universite-paris-saclay.fr\/?page_id=31\">conf\u00e9rences<\/a> th\u00e9matiques en lien avec la Chimie-Physique.<\/li>\n<li style=\"text-align: left;\"><a href=\"http:\/\/www.cpps.universite-paris-saclay.fr\/?page_id=3007\" target=\"_blank\">la promotion vers les \u00e9tudiantes et \u00e9tudiants<\/a> de la th\u00e9matique \u00ab\u00a0Chimie-Physique\u00a0\u00bb et \u00e0 ses interfaces avec la Chimie, Physique et Biologie dans les fili\u00e8res d&rsquo;enseignement.<\/li>\n<li style=\"text-align: left;\">de proposer des <a href=\"http:\/\/www.cpps.universite-paris-saclay.fr\/?page_id=2690\" target=\"_blank\">bourses \u00ab\u00a0jeunes\u00a0\u00bb<\/a> \u00e0 destination des jeunes chercheuses et chercheurs en th\u00e8se et en post-doc.<\/li>\n<li style=\"text-align: left;\">la diffusion, via sa <a href=\"http:\/\/www.cpps.universite-paris-saclay.fr\/?page_id=35\" target=\"_blank\">mailing-list<\/a> et son site internet, de toute initiative en rapport avec la promotion de la chimie physique dans notre p\u00e9rim\u00e8tre g\u00e9ographique (annonce conf\u00e9rence\/s\u00e9minaire, propositions de stage, offre de th\u00e8se\/post doc&#8230;)<\/li>\n<\/ul>\n<p>&nbsp;<\/p>\n<p>&nbsp;<\/p>\n<p>&nbsp;<\/p>\n<p>&nbsp;<\/p>\n","protected":false},"excerpt":{"rendered":"<p>La f\u00e9d\u00e9ration a pour missions : L\u2019animation scientifique par l\u2019organisation de sa journ\u00e9e annuelle Le soutien \u00e0 l&rsquo;organisation de conf\u00e9rences th\u00e9matiques en lien avec la Chimie-Physique. la promotion vers les \u00e9tudiantes et \u00e9tudiants de la th\u00e9matique \u00ab\u00a0Chimie-Physique\u00a0\u00bb et \u00e0 ses interfaces avec la Chimie, Physique et Biologie dans les fili\u00e8res \u2026 <a class=\"continue-reading-link\" href=\"http:\/\/www.cpps.universite-paris-saclay.fr\/?page_id=27\"> Continue reading<\/a><\/p>\n","protected":false},"author":1,"featured_media":0,"parent":1008,"menu_order":3,"comment_status":"closed","ping_status":"open","template":"","meta":{"footnotes":""},"class_list":["post-27","page","type-page","status-publish","hentry"],"_links":{"self":[{"href":"http:\/\/www.cpps.universite-paris-saclay.fr\/index.php?rest_route=\/wp\/v2\/pages\/27","targetHints":{"allow":["GET"]}}],"collection":[{"href":"http:\/\/www.cpps.universite-paris-saclay.fr\/index.php?rest_route=\/wp\/v2\/pages"}],"about":[{"href":"http:\/\/www.cpps.universite-paris-saclay.fr\/index.php?rest_route=\/wp\/v2\/types\/page"}],"author":[{"embeddable":true,"href":"http:\/\/www.cpps.universite-paris-saclay.fr\/index.php?rest_route=\/wp\/v2\/users\/1"}],"replies":[{"embeddable":true,"href":"http:\/\/www.cpps.universite-paris-saclay.fr\/index.php?rest_route=%2Fwp%2Fv2%2Fcomments&post=27"}],"version-history":[{"count":20,"href":"http:\/\/www.cpps.universite-paris-saclay.fr\/index.php?rest_route=\/wp\/v2\/pages\/27\/revisions"}],"predecessor-version":[{"id":3712,"href":"http:\/\/www.cpps.universite-paris-saclay.fr\/index.php?rest_route=\/wp\/v2\/pages\/27\/revisions\/3712"}],"up":[{"embeddable":true,"href":"http:\/\/www.cpps.universite-paris-saclay.fr\/index.php?rest_route=\/wp\/v2\/pages\/1008"}],"wp:attachment":[{"href":"http:\/\/www.cpps.universite-paris-saclay.fr\/index.php?rest_route=%2Fwp%2Fv2%2Fmedia&parent=27"}],"curies":[{"name":"wp","href":"https:\/\/api.w.org\/{rel}","templated":true}]}}