{"id":2647,"date":"2020-01-14T16:06:20","date_gmt":"2020-01-14T15:06:20","guid":{"rendered":"http:\/\/www.cpps.universite-paris-saclay.fr\/?page_id=2647"},"modified":"2020-09-14T21:38:06","modified_gmt":"2020-09-14T20:38:06","slug":"prix-cpps","status":"publish","type":"page","link":"http:\/\/www.cpps.universite-paris-saclay.fr\/?page_id=2647","title":{"rendered":"PRIX CPPS"},"content":{"rendered":"<p>La F\u00e9d\u00e9ration de Chimie-Physique de Paris-Saclay (CPPS) propose le prix \u00ab\u00a0Jeune Chercheur- Jeune Chercheuse\u00a0\u00bb.<\/p>\n<p>Ce prix r\u00e9compensera une chercheuse ou un chercheur ayant contribu\u00e9 \u00e0 des travaux originaux et de premiers plans concernant des th\u00e9matiques scientifiques en Chimie-Physique et y compris \u00e0 ses interfaces en Physique, Chimie et Biologie.<\/p>\n<p>Les candidats, membres permanents (EC\/C) d&rsquo;un laboratoire de l&rsquo;Universit\u00e9 Paris-Saclay ou de l&rsquo;IP Paris, auront soutenu leur th\u00e8se au plus tard 10 ans avant la date de cl\u00f4ture de l&rsquo;appel. Les interruptions de carri\u00e8re pourront \u00eatre prises en compte au cas par cas.<br \/>\nCe prix de <strong>2 000 \u20ac<\/strong>, sous forme de soutien \u00e0 la recherche, est accompagn\u00e9 d&rsquo;une invitation \u00e0 pr\u00e9senter ses travaux lors de journ\u00e9e scientifique de la f\u00e9d\u00e9ration.<\/p>\n<h3><strong>Date limite de soumission des dossiers : Le 30 Septembre 2020 \u00e0 minuit<\/strong><\/h3>\n<p>Le dossier est \u00e0 envoyer sous forme pdf (1 seul document si possible) par <a href=\"mailto:gilles.gregoire@universite-paris-saclay.fr?subject=prix CPPS\">mel\u00a0<\/a><\/p>\n<p>Le dossier de candidature peut \u00eatre r\u00e9dig\u00e9 en fran\u00e7ais ou anglais et comprend:<\/p>\n<ul>\n<li>Un CV (1 page A4)<\/li>\n<li>Un document pr\u00e9sentant l&rsquo;originalit\u00e9 des projets scientifiques (pass\u00e9s, pr\u00e9sents et futurs), et faisant ressortir la contribution personnelle du candidat (2 pages A4 maximum)<\/li>\n<li>Une lettre, distincte du document scientifique, pr\u00e9sentant les motivations qui ont guid\u00e9 le candidat dans son parcours scientifique et l&rsquo;orientation qu&rsquo;il souhaite donner \u00e0 sa carri\u00e8re (1 page A4 maximum)<\/li>\n<li>Une lettre de soutien de la part d\u2019un chercheur \u00ab senior \u00bb (Pr\/DR ou \u00e9quivalent) ext\u00e9rieur \u00e0 la F\u00e9d\u00e9ration<\/li>\n<\/ul>\n","protected":false},"excerpt":{"rendered":"<p>La F\u00e9d\u00e9ration de Chimie-Physique de Paris-Saclay (CPPS) propose le prix \u00ab\u00a0Jeune Chercheur- Jeune Chercheuse\u00a0\u00bb. Ce prix r\u00e9compensera une chercheuse ou un chercheur ayant contribu\u00e9 \u00e0 des travaux originaux et de premiers plans concernant des th\u00e9matiques scientifiques en Chimie-Physique et y compris \u00e0 ses interfaces en Physique, Chimie et Biologie. Les \u2026 <a class=\"continue-reading-link\" href=\"http:\/\/www.cpps.universite-paris-saclay.fr\/?page_id=2647\"> Continue reading<\/a><\/p>\n","protected":false},"author":1,"featured_media":0,"parent":0,"menu_order":5,"comment_status":"closed","ping_status":"closed","template":"","meta":{"footnotes":""},"class_list":["post-2647","page","type-page","status-publish","hentry"],"_links":{"self":[{"href":"http:\/\/www.cpps.universite-paris-saclay.fr\/index.php?rest_route=\/wp\/v2\/pages\/2647","targetHints":{"allow":["GET"]}}],"collection":[{"href":"http:\/\/www.cpps.universite-paris-saclay.fr\/index.php?rest_route=\/wp\/v2\/pages"}],"about":[{"href":"http:\/\/www.cpps.universite-paris-saclay.fr\/index.php?rest_route=\/wp\/v2\/types\/page"}],"author":[{"embeddable":true,"href":"http:\/\/www.cpps.universite-paris-saclay.fr\/index.php?rest_route=\/wp\/v2\/users\/1"}],"replies":[{"embeddable":true,"href":"http:\/\/www.cpps.universite-paris-saclay.fr\/index.php?rest_route=%2Fwp%2Fv2%2Fcomments&post=2647"}],"version-history":[{"count":14,"href":"http:\/\/www.cpps.universite-paris-saclay.fr\/index.php?rest_route=\/wp\/v2\/pages\/2647\/revisions"}],"predecessor-version":[{"id":2952,"href":"http:\/\/www.cpps.universite-paris-saclay.fr\/index.php?rest_route=\/wp\/v2\/pages\/2647\/revisions\/2952"}],"wp:attachment":[{"href":"http:\/\/www.cpps.universite-paris-saclay.fr\/index.php?rest_route=%2Fwp%2Fv2%2Fmedia&parent=2647"}],"curies":[{"name":"wp","href":"https:\/\/api.w.org\/{rel}","templated":true}]}}