{"id":2531,"date":"2019-08-27T08:13:12","date_gmt":"2019-08-27T07:13:12","guid":{"rendered":"http:\/\/www.cpps.u-psud.fr\/?page_id=2531"},"modified":"2021-01-28T16:59:46","modified_gmt":"2021-01-28T15:59:46","slug":"prix-cpps-2019","status":"publish","type":"page","link":"http:\/\/www.cpps.universite-paris-saclay.fr\/?page_id=2531","title":{"rendered":"Prix CPPS 2019"},"content":{"rendered":"<p>Le prix Jeune Chercheur de la F\u00e9d\u00e9ration de Chimie Physique de Paris-Saclay 2019 a \u00e9t\u00e9 d\u00e9cern\u00e9 \u00e0 <strong>Federica Agostini<\/strong>, Maitre de Conf\u00e9rence \u00e0 l&rsquo;Universit\u00e9 Paris-Saclay et \u00e0 l&rsquo;Institut de Chimie Physique.<\/p>\n<p>Le Comit\u00e9 reconnait en particulier son engagement pour appliquer la chimie th\u00e9orique \u00e0 des syst\u00e8mes \u00ab\u00a0r\u00e9els\u00a0\u00bb, tout en pr\u00e9servant la rigueur n\u00e9cessaire. Ses contributions dans les domaines de la photochimie et notamment la dynamique quantique sont exemplaires.<\/p>\n<p>Toutes nos f\u00e9licitations !<\/p>\n<p><img loading=\"lazy\" decoding=\"async\" class=\"alignleft wp-image-2878\" src=\"http:\/\/www.cpps.universite-paris-saclay.fr\/wp-content\/uploads\/2020\/01\/Agostini-DSC_0434-bearbeitet-300x200.jpeg\" width=\"400\" height=\"267\" srcset=\"http:\/\/www.cpps.universite-paris-saclay.fr\/wp-content\/uploads\/2020\/01\/Agostini-DSC_0434-bearbeitet-300x200.jpeg 300w, http:\/\/www.cpps.universite-paris-saclay.fr\/wp-content\/uploads\/2020\/01\/Agostini-DSC_0434-bearbeitet-225x150.jpeg 225w, http:\/\/www.cpps.universite-paris-saclay.fr\/wp-content\/uploads\/2020\/01\/Agostini-DSC_0434-bearbeitet-150x100.jpeg 150w, http:\/\/www.cpps.universite-paris-saclay.fr\/wp-content\/uploads\/2020\/01\/Agostini-DSC_0434-bearbeitet.jpeg 640w\" sizes=\"auto, (max-width: 400px) 100vw, 400px\" \/><\/p>\n","protected":false},"excerpt":{"rendered":"<p>Le prix Jeune Chercheur de la F\u00e9d\u00e9ration de Chimie Physique de Paris-Saclay 2019 a \u00e9t\u00e9 d\u00e9cern\u00e9 \u00e0 Federica Agostini, Maitre de Conf\u00e9rence \u00e0 l&rsquo;Universit\u00e9 Paris-Saclay et \u00e0 l&rsquo;Institut de Chimie Physique. Le Comit\u00e9 reconnait en particulier son engagement pour appliquer la chimie th\u00e9orique \u00e0 des syst\u00e8mes \u00ab\u00a0r\u00e9els\u00a0\u00bb, tout en pr\u00e9servant \u2026 <a class=\"continue-reading-link\" href=\"http:\/\/www.cpps.universite-paris-saclay.fr\/?page_id=2531\"> Continue reading<\/a><\/p>\n","protected":false},"author":1,"featured_media":0,"parent":2647,"menu_order":1,"comment_status":"closed","ping_status":"closed","template":"","meta":{"footnotes":""},"class_list":["post-2531","page","type-page","status-publish","hentry"],"_links":{"self":[{"href":"http:\/\/www.cpps.universite-paris-saclay.fr\/index.php?rest_route=\/wp\/v2\/pages\/2531","targetHints":{"allow":["GET"]}}],"collection":[{"href":"http:\/\/www.cpps.universite-paris-saclay.fr\/index.php?rest_route=\/wp\/v2\/pages"}],"about":[{"href":"http:\/\/www.cpps.universite-paris-saclay.fr\/index.php?rest_route=\/wp\/v2\/types\/page"}],"author":[{"embeddable":true,"href":"http:\/\/www.cpps.universite-paris-saclay.fr\/index.php?rest_route=\/wp\/v2\/users\/1"}],"replies":[{"embeddable":true,"href":"http:\/\/www.cpps.universite-paris-saclay.fr\/index.php?rest_route=%2Fwp%2Fv2%2Fcomments&post=2531"}],"version-history":[{"count":9,"href":"http:\/\/www.cpps.universite-paris-saclay.fr\/index.php?rest_route=\/wp\/v2\/pages\/2531\/revisions"}],"predecessor-version":[{"id":2991,"href":"http:\/\/www.cpps.universite-paris-saclay.fr\/index.php?rest_route=\/wp\/v2\/pages\/2531\/revisions\/2991"}],"up":[{"embeddable":true,"href":"http:\/\/www.cpps.universite-paris-saclay.fr\/index.php?rest_route=\/wp\/v2\/pages\/2647"}],"wp:attachment":[{"href":"http:\/\/www.cpps.universite-paris-saclay.fr\/index.php?rest_route=%2Fwp%2Fv2%2Fmedia&parent=2531"}],"curies":[{"name":"wp","href":"https:\/\/api.w.org\/{rel}","templated":true}]}}