{"id":2376,"date":"2019-05-15T09:02:55","date_gmt":"2019-05-15T08:02:55","guid":{"rendered":"http:\/\/www.cpps.u-psud.fr\/?page_id=2376"},"modified":"2020-01-17T12:59:20","modified_gmt":"2020-01-17T11:59:20","slug":"journee-cpps-2019","status":"publish","type":"page","link":"http:\/\/www.cpps.universite-paris-saclay.fr\/?page_id=2376","title":{"rendered":"Journ\u00e9e CPPS 2019"},"content":{"rendered":"<h4>La f\u00e9d\u00e9ration de Chimie-Physique de Paris Saclay CPPS organise sa journ\u00e9e scientifique annuelle le Mercredi 03 Juillet 2019 \u00e0 l&rsquo;Universit\u00e9 Paris Sud, dans l&rsquo;amphi Blandin du laboratoire LPS, Bat 510<\/h4>\n<h4><strong>Programme <a href=\"http:\/\/www.cpps.u-psud.fr\/wp-content\/uploads\/2019\/07\/Journ\u00e9e-CPPS-2019.pdf\">Journ\u00e9e CPPS 2019<\/a><\/strong><\/h4>\n<p>Nous aurons le plaisir d\u2019accueillir plusieurs physico-chimistes renomm\u00e9s. Voici quelques noms d\u00e9j\u00e0 confirm\u00e9s :<\/p>\n<p>Conf\u00e9rence Pl\u00e9ni\u00e8re : <strong>Val\u00e9rie Blanchet<\/strong> (CELIA, Universit\u00e9 de Bordeaux) : <em>Attosecond insights into chiral ionization dynamics : CHABBIT and ESCARGOT<\/em><\/p>\n<ul>\n<li><strong>B\u00e9renger Gans<\/strong> (ISMO, prix jeune chercheur CPPS 2018) : <em>Spectroscopie VUV d&rsquo;esp\u00e8ces radicalaires \u00e0\u00a0 moyenne et haute r\u00e9solutions<\/em><\/li>\n<li><strong>Christina Sizun<\/strong> (ICSN, Universit\u00e9 Paris Saclay) :\u00a0<em>What NMR can tell about order and disorder in proteins<\/em><\/li>\n<li><strong>Isabelle Maurin<\/strong> (LPMC, Ecole Polytechnique) : <em>Core-shell heterostructures with an adaptive composition gradient for an optical control of magnetic properties through strain<\/em><\/li>\n<li><strong>Damien Laage<\/strong> (ENS, Sorbonne Universit\u00e9) : <em>On the structure and dynamics of the hydrated excess proton<\/em><\/li>\n<\/ul>\n<p>En esp\u00e9rant vous voir nombreux \u00e0 cette Journ\u00e9e<\/p>\n<p>Pour le comit\u00e9 d&rsquo;organisation<\/p>\n<p>Gilles Gr\u00e9goire, Eric Gloaguen, Remi M\u00e9tivier, Gilles Frison, Fabienne M\u00e9rola, Thomas Gustavsson<\/p>\n","protected":false},"excerpt":{"rendered":"<p>La f\u00e9d\u00e9ration de Chimie-Physique de Paris Saclay CPPS organise sa journ\u00e9e scientifique annuelle le Mercredi 03 Juillet 2019 \u00e0 l&rsquo;Universit\u00e9 Paris Sud, dans l&rsquo;amphi Blandin du laboratoire LPS, Bat 510 Programme Journ\u00e9e CPPS 2019 Nous aurons le plaisir d\u2019accueillir plusieurs physico-chimistes renomm\u00e9s. Voici quelques noms d\u00e9j\u00e0 confirm\u00e9s : Conf\u00e9rence Pl\u00e9ni\u00e8re \u2026 <a class=\"continue-reading-link\" href=\"http:\/\/www.cpps.universite-paris-saclay.fr\/?page_id=2376\"> Continue reading<\/a><\/p>\n","protected":false},"author":1,"featured_media":0,"parent":2357,"menu_order":4,"comment_status":"closed","ping_status":"closed","template":"","meta":{"footnotes":""},"class_list":["post-2376","page","type-page","status-publish","hentry"],"_links":{"self":[{"href":"http:\/\/www.cpps.universite-paris-saclay.fr\/index.php?rest_route=\/wp\/v2\/pages\/2376","targetHints":{"allow":["GET"]}}],"collection":[{"href":"http:\/\/www.cpps.universite-paris-saclay.fr\/index.php?rest_route=\/wp\/v2\/pages"}],"about":[{"href":"http:\/\/www.cpps.universite-paris-saclay.fr\/index.php?rest_route=\/wp\/v2\/types\/page"}],"author":[{"embeddable":true,"href":"http:\/\/www.cpps.universite-paris-saclay.fr\/index.php?rest_route=\/wp\/v2\/users\/1"}],"replies":[{"embeddable":true,"href":"http:\/\/www.cpps.universite-paris-saclay.fr\/index.php?rest_route=%2Fwp%2Fv2%2Fcomments&post=2376"}],"version-history":[{"count":21,"href":"http:\/\/www.cpps.universite-paris-saclay.fr\/index.php?rest_route=\/wp\/v2\/pages\/2376\/revisions"}],"predecessor-version":[{"id":2397,"href":"http:\/\/www.cpps.universite-paris-saclay.fr\/index.php?rest_route=\/wp\/v2\/pages\/2376\/revisions\/2397"}],"up":[{"embeddable":true,"href":"http:\/\/www.cpps.universite-paris-saclay.fr\/index.php?rest_route=\/wp\/v2\/pages\/2357"}],"wp:attachment":[{"href":"http:\/\/www.cpps.universite-paris-saclay.fr\/index.php?rest_route=%2Fwp%2Fv2%2Fmedia&parent=2376"}],"curies":[{"name":"wp","href":"https:\/\/api.w.org\/{rel}","templated":true}]}}