{"id":2369,"date":"2019-04-14T10:40:00","date_gmt":"2019-04-14T09:40:00","guid":{"rendered":"http:\/\/www.cpps.u-psud.fr\/?page_id=2369"},"modified":"2019-06-13T07:40:23","modified_gmt":"2019-06-13T06:40:23","slug":"journee-jacqueline-belloni","status":"publish","type":"page","link":"http:\/\/www.cpps.universite-paris-saclay.fr\/?page_id=2369","title":{"rendered":"Journ\u00e9e Jacqueline Belloni"},"content":{"rendered":"<p>Pour c\u00e9l\u00e9brer la m\u00e9daille du centenaire de la SCF qu\u2019elle a obtenue fin 2018, une journ\u00e9e scientifique en l\u2019honneur de\u00a0<strong>Jacqueline Belloni\u00a0<\/strong>est organis\u00e9e par la Division de Chimie Physique, le LCP et la sous-division CRRC le\u00a0<strong>mercredi 5 juin<\/strong>\u00a0<strong>2019<\/strong> au Laboratoire de Chimie Physique (salle Magat, b\u00e2timent 349, campus d&rsquo;Orsay).<\/p>\n<p>Le programme est disponible sur le\u00a0<a href=\"https:\/\/www.universite-paris-saclay.fr\/fr\/calendar?oaq%5Btags%5D%5B0%5D=journee-thematique-thematic-day&amp;oaq%5Buid%5D=25597061\">site web de l\u2019Universit\u00e9 Paris Saclay<\/a>\u00a0et sur le\u00a0<a href=\"http:\/\/www.lcp.u-psud.fr\/spip.php?article690\">site web du LCP<\/a>.<\/p>\n<p>L\u2019inscription est gratuite mais obligatoire via ce formulaire.<\/p>\n<p><a href=\"https:\/\/forms.gle\/PA6wf4MLBgntmFQX9\">https:\/\/forms.gle\/PA6wf4MLBgntmFQX9<\/a><\/p>\n","protected":false},"excerpt":{"rendered":"<p>Pour c\u00e9l\u00e9brer la m\u00e9daille du centenaire de la SCF qu\u2019elle a obtenue fin 2018, une journ\u00e9e scientifique en l\u2019honneur de\u00a0Jacqueline Belloni\u00a0est organis\u00e9e par la Division de Chimie Physique, le LCP et la sous-division CRRC le\u00a0mercredi 5 juin\u00a02019 au Laboratoire de Chimie Physique (salle Magat, b\u00e2timent 349, campus d&rsquo;Orsay). Le programme \u2026 <a class=\"continue-reading-link\" href=\"http:\/\/www.cpps.universite-paris-saclay.fr\/?page_id=2369\"> Continue reading<\/a><\/p>\n","protected":false},"author":1,"featured_media":0,"parent":2357,"menu_order":3,"comment_status":"closed","ping_status":"closed","template":"","meta":{"footnotes":""},"class_list":["post-2369","page","type-page","status-publish","hentry"],"_links":{"self":[{"href":"http:\/\/www.cpps.universite-paris-saclay.fr\/index.php?rest_route=\/wp\/v2\/pages\/2369","targetHints":{"allow":["GET"]}}],"collection":[{"href":"http:\/\/www.cpps.universite-paris-saclay.fr\/index.php?rest_route=\/wp\/v2\/pages"}],"about":[{"href":"http:\/\/www.cpps.universite-paris-saclay.fr\/index.php?rest_route=\/wp\/v2\/types\/page"}],"author":[{"embeddable":true,"href":"http:\/\/www.cpps.universite-paris-saclay.fr\/index.php?rest_route=\/wp\/v2\/users\/1"}],"replies":[{"embeddable":true,"href":"http:\/\/www.cpps.universite-paris-saclay.fr\/index.php?rest_route=%2Fwp%2Fv2%2Fcomments&post=2369"}],"version-history":[{"count":1,"href":"http:\/\/www.cpps.universite-paris-saclay.fr\/index.php?rest_route=\/wp\/v2\/pages\/2369\/revisions"}],"predecessor-version":[{"id":2370,"href":"http:\/\/www.cpps.universite-paris-saclay.fr\/index.php?rest_route=\/wp\/v2\/pages\/2369\/revisions\/2370"}],"up":[{"embeddable":true,"href":"http:\/\/www.cpps.universite-paris-saclay.fr\/index.php?rest_route=\/wp\/v2\/pages\/2357"}],"wp:attachment":[{"href":"http:\/\/www.cpps.universite-paris-saclay.fr\/index.php?rest_route=%2Fwp%2Fv2%2Fmedia&parent=2369"}],"curies":[{"name":"wp","href":"https:\/\/api.w.org\/{rel}","templated":true}]}}