{"id":2357,"date":"2019-03-13T15:57:21","date_gmt":"2019-03-13T14:57:21","guid":{"rendered":"http:\/\/www.cpps.u-psud.fr\/?page_id=2357"},"modified":"2020-01-14T17:56:25","modified_gmt":"2020-01-14T16:56:25","slug":"2019-2","status":"publish","type":"page","link":"http:\/\/www.cpps.universite-paris-saclay.fr\/?page_id=2357","title":{"rendered":"2019"},"content":{"rendered":"<p><strong>4-5\u00a0mars 2019<\/strong> &#8211; MS Winterschool &#8211; <a href=\"http:\/\/www.cpps.u-psud.fr\/?page_id=2341\" target=\"_blank\">En savoir plus<\/a><\/p>\n<p><strong>20 mai 2019 <\/strong>&#8211; Demon2k et DeMon-nano &#8211; <a href=\"http:\/\/www.cpps.universite-paris-saclay.fr\/?page_id=2373\" target=\"_blank\">En savoir plus<\/a><\/p>\n<p><strong>05 juin 2019<\/strong> &#8211; Journ\u00e9e Jacqueline Belloni &#8211; <a href=\"http:\/\/www.cpps.universite-paris-saclay.fr\/?page_id=2369\" target=\"_blank\">En savoir plus<\/a><\/p>\n<p><strong>11 juin 2019<\/strong> &#8211; Journ\u00e9e ED 2MIB<\/p>\n<p><strong>03 juillet 2019 <\/strong>&#8211; Journ\u00e9e CPPS &#8211; <a href=\"http:\/\/www.cpps.universite-paris-saclay.fr\/?page_id=2376\" target=\"_blank\">En savoir plus<\/a><\/p>\n<p><strong>25-30 aout 2019<\/strong> &#8211; Dynamique multi-\u00e9chelle dans les syst\u00e8mes mol\u00e9culaires &#8211; <a href=\"http:\/\/www.cpps.universite-paris-saclay.fr\/?page_id=2536\" target=\"_blank\">En savoir plus<\/a><\/p>\n<p><strong>17-18 octobre 2019<\/strong> &#8211; Molecules and Materials for the Energy of Tomorrow MOMENTOM &#8211; <a href=\"http:\/\/www.cpps.universite-paris-saclay.fr\/?page_id=2538\" target=\"_blank\">En savoir plus<\/a><\/p>\n<p><strong>10 d\u00e9cembre 2019<\/strong> &#8211; Nanophotonics 2019 &#8211; <a href=\"http:\/\/www.cpps.universite-paris-saclay.fr\/?page_id=2551\" target=\"_blank\">En savoir plus<\/a><\/p>\n","protected":false},"excerpt":{"rendered":"<p>4-5\u00a0mars 2019 &#8211; MS Winterschool &#8211; En savoir plus 20 mai 2019 &#8211; Demon2k et DeMon-nano &#8211; En savoir plus 05 juin 2019 &#8211; Journ\u00e9e Jacqueline Belloni &#8211; En savoir plus 11 juin 2019 &#8211; Journ\u00e9e ED 2MIB 03 juillet 2019 &#8211; Journ\u00e9e CPPS &#8211; En savoir plus 25-30 aout \u2026 <a class=\"continue-reading-link\" href=\"http:\/\/www.cpps.universite-paris-saclay.fr\/?page_id=2357\"> Continue reading<\/a><\/p>\n","protected":false},"author":1,"featured_media":0,"parent":31,"menu_order":1,"comment_status":"closed","ping_status":"closed","template":"","meta":{"footnotes":""},"class_list":["post-2357","page","type-page","status-publish","hentry"],"_links":{"self":[{"href":"http:\/\/www.cpps.universite-paris-saclay.fr\/index.php?rest_route=\/wp\/v2\/pages\/2357","targetHints":{"allow":["GET"]}}],"collection":[{"href":"http:\/\/www.cpps.universite-paris-saclay.fr\/index.php?rest_route=\/wp\/v2\/pages"}],"about":[{"href":"http:\/\/www.cpps.universite-paris-saclay.fr\/index.php?rest_route=\/wp\/v2\/types\/page"}],"author":[{"embeddable":true,"href":"http:\/\/www.cpps.universite-paris-saclay.fr\/index.php?rest_route=\/wp\/v2\/users\/1"}],"replies":[{"embeddable":true,"href":"http:\/\/www.cpps.universite-paris-saclay.fr\/index.php?rest_route=%2Fwp%2Fv2%2Fcomments&post=2357"}],"version-history":[{"count":4,"href":"http:\/\/www.cpps.universite-paris-saclay.fr\/index.php?rest_route=\/wp\/v2\/pages\/2357\/revisions"}],"predecessor-version":[{"id":2689,"href":"http:\/\/www.cpps.universite-paris-saclay.fr\/index.php?rest_route=\/wp\/v2\/pages\/2357\/revisions\/2689"}],"up":[{"embeddable":true,"href":"http:\/\/www.cpps.universite-paris-saclay.fr\/index.php?rest_route=\/wp\/v2\/pages\/31"}],"wp:attachment":[{"href":"http:\/\/www.cpps.universite-paris-saclay.fr\/index.php?rest_route=%2Fwp%2Fv2%2Fmedia&parent=2357"}],"curies":[{"name":"wp","href":"https:\/\/api.w.org\/{rel}","templated":true}]}}