{"id":2341,"date":"2019-02-11T16:47:57","date_gmt":"2019-02-11T15:47:57","guid":{"rendered":"http:\/\/www.cpps.u-psud.fr\/?page_id=2341"},"modified":"2019-06-13T07:42:00","modified_gmt":"2019-06-13T06:42:00","slug":"ms-winterschool","status":"publish","type":"page","link":"http:\/\/www.cpps.universite-paris-saclay.fr\/?page_id=2341","title":{"rendered":"MS Winterschool"},"content":{"rendered":"<p>Chers membres de la F\u00e9d\u00e9ration de Chimie Physique de Paris-Saclay<\/p>\n<p>Dans le cadre du projet europ\u00e9en AQUALITY, nous avons le plaisir d\u2019organiser une Ecole d\u2019hiver de spectrom\u00e9trie de masse \u00e0 l\u2019Ecole polytechnique les 4 et 5 mars prochains. Le programme inclut des cours sur les fondamentaux de la technique (sources, analyseurs, mobilit\u00e9 ionique, etc.) mais \u00e9galement des pr\u00e9sentations sur des approches originales (imagerie, traitements informatiques de donn\u00e9es complexes, etc.). Des communications relatives aux applications de la spectrom\u00e9trie de masse dans le domaine de l\u2019environnement seront \u00e9galement pr\u00e9sent\u00e9es.<br \/>\nVous \u00eates cordialement invit\u00e9(e)s \u00e0 vous joindre \u00e0 nous pour assister aux cours et\/ou pr\u00e9senter une communication orale (30 min, en anglais) ou un poster.<br \/>\nVous trouverez tous les renseignements sur cette \u00e9cole d\u2019hiver \u00e0 l\u2019adresse suivante : <a href=\"https:\/\/winterschool.sciencesconf.org\/\">https:\/\/winterschool.sciencesconf.org\/<\/a><br \/>\nBien cordialement,<br \/>\nLe Comit\u00e9 d\u2019organisation<\/p>\n","protected":false},"excerpt":{"rendered":"<p>Chers membres de la F\u00e9d\u00e9ration de Chimie Physique de Paris-Saclay Dans le cadre du projet europ\u00e9en AQUALITY, nous avons le plaisir d\u2019organiser une Ecole d\u2019hiver de spectrom\u00e9trie de masse \u00e0 l\u2019Ecole polytechnique les 4 et 5 mars prochains. Le programme inclut des cours sur les fondamentaux de la technique (sources, \u2026 <a class=\"continue-reading-link\" href=\"http:\/\/www.cpps.universite-paris-saclay.fr\/?page_id=2341\"> Continue reading<\/a><\/p>\n","protected":false},"author":1,"featured_media":0,"parent":2357,"menu_order":1,"comment_status":"closed","ping_status":"closed","template":"","meta":{"footnotes":""},"class_list":["post-2341","page","type-page","status-publish","hentry"],"_links":{"self":[{"href":"http:\/\/www.cpps.universite-paris-saclay.fr\/index.php?rest_route=\/wp\/v2\/pages\/2341","targetHints":{"allow":["GET"]}}],"collection":[{"href":"http:\/\/www.cpps.universite-paris-saclay.fr\/index.php?rest_route=\/wp\/v2\/pages"}],"about":[{"href":"http:\/\/www.cpps.universite-paris-saclay.fr\/index.php?rest_route=\/wp\/v2\/types\/page"}],"author":[{"embeddable":true,"href":"http:\/\/www.cpps.universite-paris-saclay.fr\/index.php?rest_route=\/wp\/v2\/users\/1"}],"replies":[{"embeddable":true,"href":"http:\/\/www.cpps.universite-paris-saclay.fr\/index.php?rest_route=%2Fwp%2Fv2%2Fcomments&post=2341"}],"version-history":[{"count":1,"href":"http:\/\/www.cpps.universite-paris-saclay.fr\/index.php?rest_route=\/wp\/v2\/pages\/2341\/revisions"}],"predecessor-version":[{"id":2342,"href":"http:\/\/www.cpps.universite-paris-saclay.fr\/index.php?rest_route=\/wp\/v2\/pages\/2341\/revisions\/2342"}],"up":[{"embeddable":true,"href":"http:\/\/www.cpps.universite-paris-saclay.fr\/index.php?rest_route=\/wp\/v2\/pages\/2357"}],"wp:attachment":[{"href":"http:\/\/www.cpps.universite-paris-saclay.fr\/index.php?rest_route=%2Fwp%2Fv2%2Fmedia&parent=2341"}],"curies":[{"name":"wp","href":"https:\/\/api.w.org\/{rel}","templated":true}]}}