{"id":2295,"date":"2018-09-25T13:11:50","date_gmt":"2018-09-25T12:11:50","guid":{"rendered":"http:\/\/www.cpps.u-psud.fr\/?page_id=2295"},"modified":"2021-01-28T17:01:27","modified_gmt":"2021-01-28T16:01:27","slug":"le-prix-cpps-2018","status":"publish","type":"page","link":"http:\/\/www.cpps.universite-paris-saclay.fr\/?page_id=2295","title":{"rendered":"Prix CPPS 2018"},"content":{"rendered":"<p>Le prix Jeune Chercheur de la F\u00e9d\u00e9ration de Chimie Physique de Paris-Saclay 2018 a \u00e9t\u00e9 attribu\u00e9 \u00e0 <strong>B\u00e9renger Gans<\/strong>, Charg\u00e9 de Recherche CNRS \u00e0 l&rsquo;Institut des Sciences Mol\u00e9culaires d&rsquo;Orsay.<\/p>\n<p>Le Comit\u00e9 reconnait en particulier son engagement dans la r\u00e9alisation d&rsquo;une source VUV haute r\u00e9solution tr\u00e8s novatrice qui va certainement permettre de nombreuses \u00e9tudes du premier rang dans les ann\u00e9es \u00e0 venir.<\/p>\n<p>Toutes nos f\u00e9licitations !<\/p>\n<p><img loading=\"lazy\" decoding=\"async\" class=\"alignleft wp-image-2294\" src=\"http:\/\/www.cpps.u-psud.fr\/wp-content\/uploads\/2018\/09\/B\u00e9ranger-Gans-1024x768.jpg\" alt=\"\" width=\"408\" height=\"306\" srcset=\"http:\/\/www.cpps.universite-paris-saclay.fr\/wp-content\/uploads\/2018\/09\/B\u00e9ranger-Gans-1024x768.jpg 1024w, http:\/\/www.cpps.universite-paris-saclay.fr\/wp-content\/uploads\/2018\/09\/B\u00e9ranger-Gans-300x225.jpg 300w, http:\/\/www.cpps.universite-paris-saclay.fr\/wp-content\/uploads\/2018\/09\/B\u00e9ranger-Gans-768x576.jpg 768w, http:\/\/www.cpps.universite-paris-saclay.fr\/wp-content\/uploads\/2018\/09\/B\u00e9ranger-Gans-200x150.jpg 200w, http:\/\/www.cpps.universite-paris-saclay.fr\/wp-content\/uploads\/2018\/09\/B\u00e9ranger-Gans-150x113.jpg 150w\" sizes=\"auto, (max-width: 408px) 100vw, 408px\" \/><\/p>\n","protected":false},"excerpt":{"rendered":"<p>Le prix Jeune Chercheur de la F\u00e9d\u00e9ration de Chimie Physique de Paris-Saclay 2018 a \u00e9t\u00e9 attribu\u00e9 \u00e0 B\u00e9renger Gans, Charg\u00e9 de Recherche CNRS \u00e0 l&rsquo;Institut des Sciences Mol\u00e9culaires d&rsquo;Orsay. Le Comit\u00e9 reconnait en particulier son engagement dans la r\u00e9alisation d&rsquo;une source VUV haute r\u00e9solution tr\u00e8s novatrice qui va certainement permettre \u2026 <a class=\"continue-reading-link\" href=\"http:\/\/www.cpps.universite-paris-saclay.fr\/?page_id=2295\"> Continue reading<\/a><\/p>\n","protected":false},"author":1,"featured_media":0,"parent":2647,"menu_order":2,"comment_status":"closed","ping_status":"closed","template":"","meta":{"footnotes":""},"class_list":["post-2295","page","type-page","status-publish","hentry"],"_links":{"self":[{"href":"http:\/\/www.cpps.universite-paris-saclay.fr\/index.php?rest_route=\/wp\/v2\/pages\/2295","targetHints":{"allow":["GET"]}}],"collection":[{"href":"http:\/\/www.cpps.universite-paris-saclay.fr\/index.php?rest_route=\/wp\/v2\/pages"}],"about":[{"href":"http:\/\/www.cpps.universite-paris-saclay.fr\/index.php?rest_route=\/wp\/v2\/types\/page"}],"author":[{"embeddable":true,"href":"http:\/\/www.cpps.universite-paris-saclay.fr\/index.php?rest_route=\/wp\/v2\/users\/1"}],"replies":[{"embeddable":true,"href":"http:\/\/www.cpps.universite-paris-saclay.fr\/index.php?rest_route=%2Fwp%2Fv2%2Fcomments&post=2295"}],"version-history":[{"count":5,"href":"http:\/\/www.cpps.universite-paris-saclay.fr\/index.php?rest_route=\/wp\/v2\/pages\/2295\/revisions"}],"predecessor-version":[{"id":2993,"href":"http:\/\/www.cpps.universite-paris-saclay.fr\/index.php?rest_route=\/wp\/v2\/pages\/2295\/revisions\/2993"}],"up":[{"embeddable":true,"href":"http:\/\/www.cpps.universite-paris-saclay.fr\/index.php?rest_route=\/wp\/v2\/pages\/2647"}],"wp:attachment":[{"href":"http:\/\/www.cpps.universite-paris-saclay.fr\/index.php?rest_route=%2Fwp%2Fv2%2Fmedia&parent=2295"}],"curies":[{"name":"wp","href":"https:\/\/api.w.org\/{rel}","templated":true}]}}