{"id":2252,"date":"2018-09-13T09:51:14","date_gmt":"2018-09-13T08:51:14","guid":{"rendered":"http:\/\/www.cpps.u-psud.fr\/?page_id=2252"},"modified":"2019-03-13T16:23:34","modified_gmt":"2019-03-13T15:23:34","slug":"journee-roberto-improta","status":"publish","type":"page","link":"http:\/\/www.cpps.universite-paris-saclay.fr\/?page_id=2252","title":{"rendered":"Journ\u00e9e Roberto Improta"},"content":{"rendered":"<h3><strong>C\u00e9r\u00e9monie Alembert \/ Montage d&rsquo;un R\u00e9seau Europ\u00e9en<br \/>\n<\/strong><\/h3>\n<h3>5 octobre 2018\u00a0\u00a0\u00a0\u00a0\u00a0\u00a0\u00a0\u00a0\u00a0\u00a0\u00a0\u00a0\u00a0\u00a0\u00a0\u00a0\u00a0\u00a0\u00a0\u00a0\u00a0\u00a0\u00a0\u00a0\u00a0\u00a0\u00a0\u00a0\u00a0\u00a0\u00a0\u00a0\u00a0\u00a0 <strong><a href=\"http:\/\/www.cpps.u-psud.fr\/wp-content\/uploads\/2018\/09\/Programme-Journ\u00e9e-Improta.pdf\">Programme Journ\u00e9e Improta<\/a><\/strong><\/h3>\n<h3>Amphith\u00eaatre Claude Bloch, b\u00e2timent 772-74<\/h3>\n<h3>CEA Orme de Merisiers, 91191 Gif-sur-Yvette<\/h3>\n<h3 style=\"text-align: center;\"><span style=\"color: #000000;\">(Inscription gratuite mais souhait\u00e9e pour des raisons pratiques) <\/span><\/h3>\n<h3>Matin : <strong>Inaugural Lesson Chaires d\u2019Alembert<\/strong> Universit\u00e9 Paris-Saclay\u00a0\u00a0\u00a0\u00a0\u00a0\u00a0\u00a0 <a href=\"http:\/\/www.cpps.u-psud.fr\/wp-content\/uploads\/2018\/09\/Improta-vf2.pdf\"><strong>Affiche<\/strong><\/a><\/h3>\n<p>11h00 &#8211; 11h05\u00a0: inauguration au nom de l\u2019Universit\u00e9 Paris-Saclay par la Direction de la Recherche<\/p>\n<p>11h05 &#8211; 11h15\u00a0: pr\u00e9sentation du laboratoire d\u2019accueil par <strong>Philippe Martin <\/strong>(LIDYL)<\/p>\n<p>11h15 &#8211; 11h45 : pr\u00e9sentation vulgaris\u00e9e du travail entrepris en commun par <strong>Roberto Improta<\/strong><\/p>\n<p>11h45 &#8211; 12h00 : questions<\/p>\n<p>12h00 &#8211; 13h00 : cocktail \u2013 buffet<\/p>\n<p>Apr\u00e8s-midi : R\u00e9seaux Europ\u00e9ens, comment monter un projet<\/p>\n<p>13h00 \u2013 13h30 : pr\u00e9sentation de l&rsquo;appel 2019 par <strong>Samuel Costantin<\/strong>, UPSaclay<\/p>\n<p>13h30 \u2013 14h00 : pr\u00e9sentation du r\u00e9seau LightDynamics par <strong>Roberto Improta<\/strong><\/p>\n<p>14h00 \u2013 15h00 : discussion, table-ronde avec plusieurs intervenants ; <strong>Ruxandra Gref<\/strong> (ISMO), <strong>Fabien Gatti<\/strong> (ISMO), \u2026.<\/p>\n","protected":false},"excerpt":{"rendered":"<p>C\u00e9r\u00e9monie Alembert \/ Montage d&rsquo;un R\u00e9seau Europ\u00e9en 5 octobre 2018\u00a0\u00a0\u00a0\u00a0\u00a0\u00a0\u00a0\u00a0\u00a0\u00a0\u00a0\u00a0\u00a0\u00a0\u00a0\u00a0\u00a0\u00a0\u00a0\u00a0\u00a0\u00a0\u00a0\u00a0\u00a0\u00a0\u00a0\u00a0\u00a0\u00a0\u00a0\u00a0\u00a0\u00a0 Programme Journ\u00e9e Improta Amphith\u00eaatre Claude Bloch, b\u00e2timent 772-74 CEA Orme de Merisiers, 91191 Gif-sur-Yvette (Inscription gratuite mais souhait\u00e9e pour des raisons pratiques) Matin : Inaugural Lesson Chaires d\u2019Alembert Universit\u00e9 Paris-Saclay\u00a0\u00a0\u00a0\u00a0\u00a0\u00a0\u00a0 Affiche 11h00 &#8211; 11h05\u00a0: inauguration au nom de l\u2019Universit\u00e9 Paris-Saclay \u2026 <a class=\"continue-reading-link\" href=\"http:\/\/www.cpps.universite-paris-saclay.fr\/?page_id=2252\"> Continue reading<\/a><\/p>\n","protected":false},"author":1,"featured_media":0,"parent":1857,"menu_order":7,"comment_status":"closed","ping_status":"closed","template":"","meta":{"footnotes":""},"class_list":["post-2252","page","type-page","status-publish","hentry"],"_links":{"self":[{"href":"http:\/\/www.cpps.universite-paris-saclay.fr\/index.php?rest_route=\/wp\/v2\/pages\/2252","targetHints":{"allow":["GET"]}}],"collection":[{"href":"http:\/\/www.cpps.universite-paris-saclay.fr\/index.php?rest_route=\/wp\/v2\/pages"}],"about":[{"href":"http:\/\/www.cpps.universite-paris-saclay.fr\/index.php?rest_route=\/wp\/v2\/types\/page"}],"author":[{"embeddable":true,"href":"http:\/\/www.cpps.universite-paris-saclay.fr\/index.php?rest_route=\/wp\/v2\/users\/1"}],"replies":[{"embeddable":true,"href":"http:\/\/www.cpps.universite-paris-saclay.fr\/index.php?rest_route=%2Fwp%2Fv2%2Fcomments&post=2252"}],"version-history":[{"count":16,"href":"http:\/\/www.cpps.universite-paris-saclay.fr\/index.php?rest_route=\/wp\/v2\/pages\/2252\/revisions"}],"predecessor-version":[{"id":2366,"href":"http:\/\/www.cpps.universite-paris-saclay.fr\/index.php?rest_route=\/wp\/v2\/pages\/2252\/revisions\/2366"}],"up":[{"embeddable":true,"href":"http:\/\/www.cpps.universite-paris-saclay.fr\/index.php?rest_route=\/wp\/v2\/pages\/1857"}],"wp:attachment":[{"href":"http:\/\/www.cpps.universite-paris-saclay.fr\/index.php?rest_route=%2Fwp%2Fv2%2Fmedia&parent=2252"}],"curies":[{"name":"wp","href":"https:\/\/api.w.org\/{rel}","templated":true}]}}