{"id":2230,"date":"2018-08-07T07:23:59","date_gmt":"2018-08-07T06:23:59","guid":{"rendered":"http:\/\/www.cpps.u-psud.fr\/?page_id=2230"},"modified":"2019-03-13T16:18:54","modified_gmt":"2019-03-13T15:18:54","slug":"journee-marignier","status":"publish","type":"page","link":"http:\/\/www.cpps.universite-paris-saclay.fr\/?page_id=2230","title":{"rendered":"Journ\u00e9e Marignier"},"content":{"rendered":"<h2><span style=\"font-family: Calibri, sans-serif;\"><em><span style=\"line-height: 107%; font-size: 16pt;\">Journ\u00e9e scientifique et pot de d\u00e9part \u00e0 la retraite en honneur de<\/span><\/em><\/span><\/h2>\n<h2 style=\"margin: 0px; text-align: left;\"><strong><span style=\"color: #0070c0; line-height: 107%; font-size: 16pt;\">Jean-Louis Marignier<\/span><\/strong><\/h2>\n<h2 style=\"margin: 0px; text-align: left;\"><span style=\"line-height: 107%; font-size: 16pt;\">Laboratoire de Chimie Physique<\/span><\/h2>\n<h2 style=\"margin: 0px; text-align: left;\"><span style=\"line-height: 107%; font-size: 16pt;\">Campus d\u2019Orsay, Bat. 349<\/span><\/h2>\n<h2 style=\"margin: 0px; text-align: left;\"><span style=\"line-height: 107%; font-size: 16pt;\">Salle Magat<\/span><\/h2>\n<h2 style=\"margin: 0px; text-align: left;\"><strong><span style=\"line-height: 107%; font-size: 16pt;\">Vendredi 29 Septembre 2019<\/span><\/strong><\/h2>\n<p style=\"margin: 0px;\"><span style=\"line-height: 107%; font-size: 14pt;\">\u00a0<\/span><\/p>\n<p>L&rsquo;inscription a la journ\u00e9e est gratuite mais obligatoire afin de pouvoir organiser le d\u00e9jeuner.Le programme est disponible en ligne sur le site du LCP et sur le site de l\u2019Universit\u00e9 Paris Saclay:<\/p>\n<p><a href=\"http:\/\/www.lcp.u-psud.fr\/spip.php?article606\">http:\/\/www.lcp.u-psud.fr\/spip.php?article606<\/a><\/p>\n<p><a href=\"https:\/\/www.universite-paris-saclay.fr\/fr\/evenement\/journee-scientifique-en-lhonneur-de-jean-louis-marignier\">https:\/\/www.universite-paris-saclay.fr\/fr\/evenement\/journee-scientifique-en-lhonneur-de-jean-louis-marignier<\/a><\/p>\n<p style=\"margin: 0px;\"><span style=\"line-height: 107%; font-size: 14pt;\">10h00 &#8211;\u00a0<strong>Mehran Mostafavi<\/strong>\u00a0 (Orsay): Ouverture de la journ\u00e9e<\/span><\/p>\n<p style=\"margin: 0px;\"><span style=\"line-height: 107%; font-size: 14pt;\">10h15 &#8211;<strong>\u00a0Vincent de Waele<\/strong>\u00a0(Lille): Croissance du CdS dans les z\u00e9olithes<\/span><\/p>\n<p style=\"margin: 0px;\"><span style=\"line-height: 107%; font-size: 14pt;\">10h45 &#8211;\u00a0<strong>Rober Pansu<\/strong>\u00a0(Cachan): Charge recombination in Scintillateurs <\/span><\/p>\n<p style=\"margin: 0px;\"><span style=\"line-height: 107%; font-size: 14pt;\">11h15 &#8211;\u00a0<strong>Sophie Le Caer<\/strong>\u00a0(Saclay): Les batterie \u00e0 Lithium et la radiolyse puls\u00e9e <\/span><\/p>\n<p style=\"margin: 0px;\"><span style=\"line-height: 107%; font-size: 14pt;\">11h45 &#8211;\u00a0<strong>Emmanuel Maisonhaute<\/strong>\u00a0(Paris ): Radiolyse et \u00e9lectrochimie puls\u00e9e<\/span><\/p>\n<p style=\"margin: 0px;\"><span style=\"line-height: 107%; font-size: 14pt;\">\u00a0<\/span><\/p>\n<p style=\"margin: 0px;\"><span style=\"line-height: 107%; font-size: 14pt;\">12h00 &#8211; 14h00\u00a0<strong>Repas<\/strong><\/span><\/p>\n<p style=\"margin: 0px;\"><span style=\"line-height: 107%; font-size: 14pt;\">\u00a0<\/span><\/p>\n<p style=\"margin: 0px;\"><span style=\"line-height: 107%; font-size: 14pt;\">14h15 &#8211;\u00a0<strong>Jean-Louis Marignier<\/strong><\/span><\/p>\n<p style=\"margin: 0px;\"><span style=\"line-height: 107%; font-size: 14pt;\">15h45 &#8211; Pot de d\u00e9part, ouverture par <strong>Philippe Ma\u00eetre, <\/strong>directeur du LCP <\/span><\/p>\n<p style=\"margin: 0px;\"><span style=\"line-height: 107%; font-size: 14pt;\">17h00 &#8211; Fin de la journ\u00e9e<\/span><\/p>\n<p><a href=\"https:\/\/www.universite-paris-saclay.fr\/fr\/evenement\/journee-scientifique-en-lhonneur-de-jean-louis-marignier\">\u00a0<\/a><\/p>\n<p>&nbsp;<\/p>\n<p>&nbsp;<\/p>\n<p>&nbsp;<\/p>\n","protected":false},"excerpt":{"rendered":"<p>Journ\u00e9e scientifique et pot de d\u00e9part \u00e0 la retraite en honneur de Jean-Louis Marignier Laboratoire de Chimie Physique Campus d\u2019Orsay, Bat. 349 Salle Magat Vendredi 29 Septembre 2019 \u00a0 L&rsquo;inscription a la journ\u00e9e est gratuite mais obligatoire afin de pouvoir organiser le d\u00e9jeuner.Le programme est disponible en ligne sur le \u2026 <a class=\"continue-reading-link\" href=\"http:\/\/www.cpps.universite-paris-saclay.fr\/?page_id=2230\"> Continue reading<\/a><\/p>\n","protected":false},"author":1,"featured_media":0,"parent":1857,"menu_order":6,"comment_status":"closed","ping_status":"closed","template":"","meta":{"footnotes":""},"class_list":["post-2230","page","type-page","status-publish","hentry"],"_links":{"self":[{"href":"http:\/\/www.cpps.universite-paris-saclay.fr\/index.php?rest_route=\/wp\/v2\/pages\/2230","targetHints":{"allow":["GET"]}}],"collection":[{"href":"http:\/\/www.cpps.universite-paris-saclay.fr\/index.php?rest_route=\/wp\/v2\/pages"}],"about":[{"href":"http:\/\/www.cpps.universite-paris-saclay.fr\/index.php?rest_route=\/wp\/v2\/types\/page"}],"author":[{"embeddable":true,"href":"http:\/\/www.cpps.universite-paris-saclay.fr\/index.php?rest_route=\/wp\/v2\/users\/1"}],"replies":[{"embeddable":true,"href":"http:\/\/www.cpps.universite-paris-saclay.fr\/index.php?rest_route=%2Fwp%2Fv2%2Fcomments&post=2230"}],"version-history":[{"count":9,"href":"http:\/\/www.cpps.universite-paris-saclay.fr\/index.php?rest_route=\/wp\/v2\/pages\/2230\/revisions"}],"predecessor-version":[{"id":2363,"href":"http:\/\/www.cpps.universite-paris-saclay.fr\/index.php?rest_route=\/wp\/v2\/pages\/2230\/revisions\/2363"}],"up":[{"embeddable":true,"href":"http:\/\/www.cpps.universite-paris-saclay.fr\/index.php?rest_route=\/wp\/v2\/pages\/1857"}],"wp:attachment":[{"href":"http:\/\/www.cpps.universite-paris-saclay.fr\/index.php?rest_route=%2Fwp%2Fv2%2Fmedia&parent=2230"}],"curies":[{"name":"wp","href":"https:\/\/api.w.org\/{rel}","templated":true}]}}