{"id":1983,"date":"2018-05-29T14:55:19","date_gmt":"2018-05-29T13:55:19","guid":{"rendered":"http:\/\/www.cpps.u-psud.fr\/?page_id=1983"},"modified":"2018-05-29T15:20:20","modified_gmt":"2018-05-29T14:20:20","slug":"journee-de-lecole-doctorale-2mib-2016","status":"publish","type":"page","link":"http:\/\/www.cpps.universite-paris-saclay.fr\/?page_id=1983","title":{"rendered":"Journ\u00e9e de l&rsquo;Ecole Doctorale 2MIB 2016"},"content":{"rendered":"<div class=\"page-header\" style=\"margin: 44px 0px 22px; border: currentColor; color: #252525; text-transform: none; text-indent: 0px; letter-spacing: normal; padding-bottom: 10px; font-family: 'Open Sans', Helvetica, Arial, sans-serif; font-size: 16px; font-style: normal; font-weight: 400; word-spacing: 0px; white-space: normal; box-sizing: border-box; orphans: 2; widows: 2; background-color: #ffffff; -webkit-font-smoothing: antialiased; text-rendering: optimizeLegibility; font-variant-ligatures: normal; font-variant-caps: normal; -webkit-text-stroke-width: 0px; text-decoration-style: initial; text-decoration-color: initial;\">\n<h3><strong>2\u00e8me Journ\u00e9e de l&rsquo;\u00e9cole doctorale 2MIB<\/strong><\/h3>\n<p>Date de l&rsquo;\u00e9v\u00e9nement : le 8 novembre 2016<\/p>\n<p>INSTN &#8211; Saclay\u00a0\u00a0\u00a0\u00a0\u00a0\u00a0\u00a0\u00a0\u00a0\u00a0\u00a0\u00a0\u00a0\u00a0\u00a0\u00a0\u00a0\u00a0\u00a0\u00a0\u00a0\u00a0\u00a0\u00a0\u00a0\u00a0\u00a0\u00a0\u00a0\u00a0\u00a0\u00a0\u00a0\u00a0\u00a0\u00a0\u00a0\u00a0\u00a0\u00a0\u00a0\u00a0\u00a0\u00a0\u00a0\u00a0\u00a0\u00a0\u00a0\u00a0\u00a0\u00a0\u00a0\u00a0\u00a0\u00a0\u00a0\u00a0\u00a0\u00a0\u00a0\u00a0 <a href=\"http:\/\/www.cpps.u-psud.fr\/wp-content\/uploads\/2018\/05\/affiche_jed_2016.pdf\"><strong>AFFICHE<\/strong><\/a><\/p>\n<\/div>\n<h5 style=\"color: #252525; text-transform: none; line-height: 1.1; text-indent: 0px; letter-spacing: normal; font-family: 'Open Sans', sans-serif; font-size: 22px; font-style: normal; font-weight: bold; margin-top: 11px; margin-bottom: 11px; word-spacing: 0px; display: block; white-space: normal; box-sizing: border-box; orphans: 2; widows: 2; background-color: #ffffff; -webkit-font-smoothing: antialiased; text-rendering: optimizeLegibility; font-variant-ligatures: normal; font-variant-caps: normal; -webkit-text-stroke-width: 0px; text-decoration-style: initial; text-decoration-color: initial;\">Conf\u00e9rence pl\u00e9ni\u00e8re :<\/h5>\n<p style=\"margin: 0px 0px 11px; color: #252525; text-transform: none; line-height: 26px; text-indent: 0px; letter-spacing: normal; font-family: 'Open Sans', Helvetica, Arial, sans-serif; font-size: 16px; font-style: normal; font-weight: 400; word-spacing: 0px; white-space: normal; box-sizing: border-box; orphans: 2; widows: 2; background-color: #ffffff; -webkit-font-smoothing: antialiased; text-rendering: optimizeLegibility; font-variant-ligatures: normal; font-variant-caps: normal; -webkit-text-stroke-width: 0px; text-decoration-style: initial; text-decoration-color: initial;\">Gilberte Chambaud, Pr\u00e9sidente de la SCF<\/p>\n<h5 style=\"color: #252525; text-transform: none; line-height: 1.1; text-indent: 0px; letter-spacing: normal; font-family: 'Open Sans', sans-serif; font-size: 22px; font-style: normal; font-weight: bold; margin-top: 11px; margin-bottom: 11px; word-spacing: 0px; display: block; white-space: normal; box-sizing: border-box; orphans: 2; widows: 2; background-color: #ffffff; -webkit-font-smoothing: antialiased; text-rendering: optimizeLegibility; font-variant-ligatures: normal; font-variant-caps: normal; -webkit-text-stroke-width: 0px; text-decoration-style: initial; text-decoration-color: initial;\">Conf\u00e9renciers-\u00e8res invit\u00e9s-es :<\/h5>\n<p style=\"margin: 0px 0px 11px; color: #252525; text-transform: none; line-height: 26px; text-indent: 0px; letter-spacing: normal; font-family: 'Open Sans', Helvetica, Arial, sans-serif; font-size: 16px; font-style: normal; font-weight: 400; word-spacing: 0px; white-space: normal; box-sizing: border-box; orphans: 2; widows: 2; background-color: #ffffff; -webkit-font-smoothing: antialiased; text-rendering: optimizeLegibility; font-variant-ligatures: normal; font-variant-caps: normal; -webkit-text-stroke-width: 0px; text-decoration-style: initial; text-decoration-color: initial;\">CIM &#8211; Guillaume Rogez &#8211; IPCMS<\/p>\n<p style=\"margin: 0px 0px 11px; color: #252525; text-transform: none; line-height: 26px; text-indent: 0px; letter-spacing: normal; font-family: 'Open Sans', Helvetica, Arial, sans-serif; font-size: 16px; font-style: normal; font-weight: 400; word-spacing: 0px; white-space: normal; box-sizing: border-box; orphans: 2; widows: 2; background-color: #ffffff; -webkit-font-smoothing: antialiased; text-rendering: optimizeLegibility; font-variant-ligatures: normal; font-variant-caps: normal; -webkit-text-stroke-width: 0px; text-decoration-style: initial; text-decoration-color: initial;\">COB &#8211; Laurence Grimaud &#8211; ENS<\/p>\n<p style=\"margin: 0px 0px 11px; color: #252525; text-transform: none; line-height: 26px; text-indent: 0px; letter-spacing: normal; font-family: 'Open Sans', Helvetica, Arial, sans-serif; font-size: 16px; font-style: normal; font-weight: 400; word-spacing: 0px; white-space: normal; box-sizing: border-box; orphans: 2; widows: 2; background-color: #ffffff; -webkit-font-smoothing: antialiased; text-rendering: optimizeLegibility; font-variant-ligatures: normal; font-variant-caps: normal; -webkit-text-stroke-width: 0px; text-decoration-style: initial; text-decoration-color: initial;\">CPBA &#8211; Hubert Girault &#8211; EPFL<\/p>\n","protected":false},"excerpt":{"rendered":"<p>2\u00e8me Journ\u00e9e de l&rsquo;\u00e9cole doctorale 2MIB Date de l&rsquo;\u00e9v\u00e9nement : le 8 novembre 2016 INSTN &#8211; Saclay\u00a0\u00a0\u00a0\u00a0\u00a0\u00a0\u00a0\u00a0\u00a0\u00a0\u00a0\u00a0\u00a0\u00a0\u00a0\u00a0\u00a0\u00a0\u00a0\u00a0\u00a0\u00a0\u00a0\u00a0\u00a0\u00a0\u00a0\u00a0\u00a0\u00a0\u00a0\u00a0\u00a0\u00a0\u00a0\u00a0\u00a0\u00a0\u00a0\u00a0\u00a0\u00a0\u00a0\u00a0\u00a0\u00a0\u00a0\u00a0\u00a0\u00a0\u00a0\u00a0\u00a0\u00a0\u00a0\u00a0\u00a0\u00a0\u00a0\u00a0\u00a0\u00a0 AFFICHE Conf\u00e9rence pl\u00e9ni\u00e8re : Gilberte Chambaud, Pr\u00e9sidente de la SCF Conf\u00e9renciers-\u00e8res invit\u00e9s-es : CIM &#8211; Guillaume Rogez &#8211; IPCMS COB &#8211; Laurence Grimaud &#8211; ENS CPBA &#8211; Hubert Girault &#8211; EPFL <a class=\"continue-reading-link\" href=\"http:\/\/www.cpps.universite-paris-saclay.fr\/?page_id=1983\"> Continue reading<\/a><\/p>\n","protected":false},"author":1,"featured_media":0,"parent":1250,"menu_order":8,"comment_status":"closed","ping_status":"closed","template":"","meta":{"footnotes":""},"class_list":["post-1983","page","type-page","status-publish","hentry"],"_links":{"self":[{"href":"http:\/\/www.cpps.universite-paris-saclay.fr\/index.php?rest_route=\/wp\/v2\/pages\/1983","targetHints":{"allow":["GET"]}}],"collection":[{"href":"http:\/\/www.cpps.universite-paris-saclay.fr\/index.php?rest_route=\/wp\/v2\/pages"}],"about":[{"href":"http:\/\/www.cpps.universite-paris-saclay.fr\/index.php?rest_route=\/wp\/v2\/types\/page"}],"author":[{"embeddable":true,"href":"http:\/\/www.cpps.universite-paris-saclay.fr\/index.php?rest_route=\/wp\/v2\/users\/1"}],"replies":[{"embeddable":true,"href":"http:\/\/www.cpps.universite-paris-saclay.fr\/index.php?rest_route=%2Fwp%2Fv2%2Fcomments&post=1983"}],"version-history":[{"count":7,"href":"http:\/\/www.cpps.universite-paris-saclay.fr\/index.php?rest_route=\/wp\/v2\/pages\/1983\/revisions"}],"predecessor-version":[{"id":1992,"href":"http:\/\/www.cpps.universite-paris-saclay.fr\/index.php?rest_route=\/wp\/v2\/pages\/1983\/revisions\/1992"}],"up":[{"embeddable":true,"href":"http:\/\/www.cpps.universite-paris-saclay.fr\/index.php?rest_route=\/wp\/v2\/pages\/1250"}],"wp:attachment":[{"href":"http:\/\/www.cpps.universite-paris-saclay.fr\/index.php?rest_route=%2Fwp%2Fv2%2Fmedia&parent=1983"}],"curies":[{"name":"wp","href":"https:\/\/api.w.org\/{rel}","templated":true}]}}