{"id":1857,"date":"2018-05-01T23:20:35","date_gmt":"2018-05-01T22:20:35","guid":{"rendered":"http:\/\/www.cpps.u-psud.fr\/?page_id=1857"},"modified":"2019-03-13T16:23:47","modified_gmt":"2019-03-13T15:23:47","slug":"2018-2","status":"publish","type":"page","link":"http:\/\/www.cpps.universite-paris-saclay.fr\/?page_id=1857","title":{"rendered":"2018"},"content":{"rendered":"<p><strong>19 mars 2018<\/strong> &#8211; C\u00e9r\u00e9monie Inter-Promotions du magist\u00e8re de Physicochimie Mol\u00e9culaire &#8211; <a href=\"http:\/\/www.cpps.u-psud.fr\/?page_id=2172\">En savoir plus<\/a><\/p>\n<p><strong>4 mai 2018<\/strong> &#8211; AMMIB 2018 &#8211; <a href=\"http:\/\/www.cpps.u-psud.fr\/?page_id=1811\">En savoir plus<\/a><\/p>\n<p><strong>6 juin 2018<\/strong> &#8211; Mini Symposium Interactions Light\/Biomol\u00e9cules\/Experiments\/Theory (ILBET) &#8211; <a href=\"http:\/\/www.cpps.u-psud.fr\/?page_id=1908\">En savoir plus<\/a><\/p>\n<p><strong>5 juillet 2018<\/strong> &#8211; Journ\u00e9e Scientifique de la F\u00e9d\u00e9ration\u00a02018 &#8211; <a href=\"http:\/\/www.cpps.u-psud.fr\/?page_id=1816\">En savoir plus<\/a><\/p>\n<p><strong>19-21\u00a0septembre 2018<\/strong> &#8211; Cosmic Fullerenes Workshop 2018 &#8211; <a href=\"http:\/\/www.cpps.u-psud.fr\/?page_id=2233\">En savoir plus<\/a><\/p>\n<p><strong>29\u00a0septembre 2018<\/strong> &#8211; Journ\u00e9e Marignier &#8211; <a href=\"http:\/\/www.cpps.u-psud.fr\/?page_id=2230\">En savoir plus<\/a><\/p>\n<p><strong>29\u00a0septembre 2018<\/strong> &#8211; Journ\u00e9e Roberto Improta &#8211; <a href=\"http:\/\/www.cpps.u-psud.fr\/?page_id=2252\">En savoir plus<\/a><\/p>\n<p><strong>12-15 Novembre<\/strong> <strong>2018<\/strong> &#8211; R\u00e9union Pl\u00e9ni\u00e8re du GDR EMIE 2018 &#8211; <a href=\"https:\/\/www-liphy.ujf-grenoble.fr\/emie\/pleniere18.htm\">En savoir plus<\/a><\/p>\n","protected":false},"excerpt":{"rendered":"<p>19 mars 2018 &#8211; C\u00e9r\u00e9monie Inter-Promotions du magist\u00e8re de Physicochimie Mol\u00e9culaire &#8211; En savoir plus 4 mai 2018 &#8211; AMMIB 2018 &#8211; En savoir plus 6 juin 2018 &#8211; Mini Symposium Interactions Light\/Biomol\u00e9cules\/Experiments\/Theory (ILBET) &#8211; En savoir plus 5 juillet 2018 &#8211; Journ\u00e9e Scientifique de la F\u00e9d\u00e9ration\u00a02018 &#8211; En savoir \u2026 <a class=\"continue-reading-link\" href=\"http:\/\/www.cpps.universite-paris-saclay.fr\/?page_id=1857\"> Continue reading<\/a><\/p>\n","protected":false},"author":1,"featured_media":0,"parent":31,"menu_order":2,"comment_status":"closed","ping_status":"closed","template":"","meta":{"footnotes":""},"class_list":["post-1857","page","type-page","status-publish","hentry"],"_links":{"self":[{"href":"http:\/\/www.cpps.universite-paris-saclay.fr\/index.php?rest_route=\/wp\/v2\/pages\/1857","targetHints":{"allow":["GET"]}}],"collection":[{"href":"http:\/\/www.cpps.universite-paris-saclay.fr\/index.php?rest_route=\/wp\/v2\/pages"}],"about":[{"href":"http:\/\/www.cpps.universite-paris-saclay.fr\/index.php?rest_route=\/wp\/v2\/types\/page"}],"author":[{"embeddable":true,"href":"http:\/\/www.cpps.universite-paris-saclay.fr\/index.php?rest_route=\/wp\/v2\/users\/1"}],"replies":[{"embeddable":true,"href":"http:\/\/www.cpps.universite-paris-saclay.fr\/index.php?rest_route=%2Fwp%2Fv2%2Fcomments&post=1857"}],"version-history":[{"count":17,"href":"http:\/\/www.cpps.universite-paris-saclay.fr\/index.php?rest_route=\/wp\/v2\/pages\/1857\/revisions"}],"predecessor-version":[{"id":2367,"href":"http:\/\/www.cpps.universite-paris-saclay.fr\/index.php?rest_route=\/wp\/v2\/pages\/1857\/revisions\/2367"}],"up":[{"embeddable":true,"href":"http:\/\/www.cpps.universite-paris-saclay.fr\/index.php?rest_route=\/wp\/v2\/pages\/31"}],"wp:attachment":[{"href":"http:\/\/www.cpps.universite-paris-saclay.fr\/index.php?rest_route=%2Fwp%2Fv2%2Fmedia&parent=1857"}],"curies":[{"name":"wp","href":"https:\/\/api.w.org\/{rel}","templated":true}]}}