{"id":1771,"date":"2017-10-26T17:10:44","date_gmt":"2017-10-26T16:10:44","guid":{"rendered":"http:\/\/www.cpps.u-psud.fr\/?page_id=1771"},"modified":"2018-05-01T23:40:15","modified_gmt":"2018-05-01T22:40:15","slug":"simulations-numeriques-en-chimie","status":"publish","type":"page","link":"http:\/\/www.cpps.universite-paris-saclay.fr\/?page_id=1771","title":{"rendered":"Simulations num\u00e9riques en chimie"},"content":{"rendered":"<h3>Simulations num\u00e9riques en chimie<\/h3>\n<p>Auditorium de l&rsquo;IPN le 24 novembre 2017<\/p>\n<div class=\"front-phrase\">\n<p>De nouvelles exp\u00e9riences de laboratoire en chimie voient le jour et leur nombre est en constante augmentation. Mais comment comprendre leurs r\u00e9sultats, comment les \u00e9tendre demain \u00e0 d\u2019autres situations sans faire \u00e0 chaque fois d\u2019autres exp\u00e9riences ? Il s\u2019agit de donner une base th\u00e9orique \u00e0 ces connaissances empiriques et de pr\u00e9dire ce que sera le r\u00e9sultat r\u00e9el dans chaque cas pr\u00e9cis. La simulation num\u00e9rique qui constitue un outil de validation, de compr\u00e9hension et de pr\u00e9diction est un champ du calcul scientifique en pleine expansion.<\/p>\n<p>L&rsquo;objectif de ce site est de regrouper la communaut\u00e9 de l&rsquo;Universit\u00e9 Paris Sud dont les activit\u00e9s sont centr\u00e9es sur la simulation num\u00e9rique dans le domaine de la chimie.<\/p>\n<p><a href=\"http:\/\/hebergement.u-psud.fr\/simuchimie\/\">Lien vers le site web<\/a><\/p>\n<\/div>\n","protected":false},"excerpt":{"rendered":"<p>Simulations num\u00e9riques en chimie Auditorium de l&rsquo;IPN le 24 novembre 2017 De nouvelles exp\u00e9riences de laboratoire en chimie voient le jour et leur nombre est en constante augmentation. Mais comment comprendre leurs r\u00e9sultats, comment les \u00e9tendre demain \u00e0 d\u2019autres situations sans faire \u00e0 chaque fois d\u2019autres exp\u00e9riences ? Il s\u2019agit \u2026 <a class=\"continue-reading-link\" href=\"http:\/\/www.cpps.universite-paris-saclay.fr\/?page_id=1771\"> Continue reading<\/a><\/p>\n","protected":false},"author":1,"featured_media":0,"parent":1448,"menu_order":13,"comment_status":"closed","ping_status":"closed","template":"","meta":{"footnotes":""},"class_list":["post-1771","page","type-page","status-publish","hentry"],"_links":{"self":[{"href":"http:\/\/www.cpps.universite-paris-saclay.fr\/index.php?rest_route=\/wp\/v2\/pages\/1771","targetHints":{"allow":["GET"]}}],"collection":[{"href":"http:\/\/www.cpps.universite-paris-saclay.fr\/index.php?rest_route=\/wp\/v2\/pages"}],"about":[{"href":"http:\/\/www.cpps.universite-paris-saclay.fr\/index.php?rest_route=\/wp\/v2\/types\/page"}],"author":[{"embeddable":true,"href":"http:\/\/www.cpps.universite-paris-saclay.fr\/index.php?rest_route=\/wp\/v2\/users\/1"}],"replies":[{"embeddable":true,"href":"http:\/\/www.cpps.universite-paris-saclay.fr\/index.php?rest_route=%2Fwp%2Fv2%2Fcomments&post=1771"}],"version-history":[{"count":2,"href":"http:\/\/www.cpps.universite-paris-saclay.fr\/index.php?rest_route=\/wp\/v2\/pages\/1771\/revisions"}],"predecessor-version":[{"id":1773,"href":"http:\/\/www.cpps.universite-paris-saclay.fr\/index.php?rest_route=\/wp\/v2\/pages\/1771\/revisions\/1773"}],"up":[{"embeddable":true,"href":"http:\/\/www.cpps.universite-paris-saclay.fr\/index.php?rest_route=\/wp\/v2\/pages\/1448"}],"wp:attachment":[{"href":"http:\/\/www.cpps.universite-paris-saclay.fr\/index.php?rest_route=%2Fwp%2Fv2%2Fmedia&parent=1771"}],"curies":[{"name":"wp","href":"https:\/\/api.w.org\/{rel}","templated":true}]}}