{"id":1760,"date":"2017-10-26T16:54:33","date_gmt":"2017-10-26T15:54:33","guid":{"rendered":"http:\/\/www.cpps.u-psud.fr\/?page_id=1760"},"modified":"2018-05-01T23:42:04","modified_gmt":"2018-05-01T22:42:04","slug":"departement-chimie-paris-saclay","status":"publish","type":"page","link":"http:\/\/www.cpps.universite-paris-saclay.fr\/?page_id=1760","title":{"rendered":"D\u00e9partement de chimie Paris-Saclay"},"content":{"rendered":"<h4><strong>1<sup>\u00e8re<\/sup> journ\u00e9e scientifique du d\u00e9partement de chimie de Paris-Saclay &#8211; <strong>Rencontre des nouveaux arrivants permanents<\/strong><\/strong><\/h4>\n<h3><a href=\"https:\/\/www.universite-paris-saclay.fr\/fr\/evenement\/1ere-journee-scientifique-du-departement-de-chimie-de-luniversite-paris-saclay\">Lien vers l&rsquo;UPSaclay<\/a><\/h3>\n<h4>7 novembre 2017, IOGS, Palaiseau<\/h4>\n<p>Le d\u00e9partement de chimie de l\u2019Universit\u00e9 Paris-Saclay organise sa premi\u00e8re journ\u00e9e scientifique qui se d\u00e9roulera le 7 novembre 2017 \u00e0 l\u2019Institut d\u2019Optique Graduate School (IOGS) \u00e0 Palaiseau. Elle est d\u00e9di\u00e9e \u00e0 la rencontre des nouveaux arrivants permanents au sein des laboratoires du d\u00e9partement. Ils auront l\u2019occasion de pr\u00e9senter les projets de recherche qu\u2019ils d\u00e9veloppent.<\/p>\n<p>Le comit\u00e9 d\u2019organisation, avec l\u2019aide des directeurs et directrices d\u2019unit\u00e9, a pu identifier 32 nouveaux arrivants permanents au d\u00e9partement de chimie de l\u2019Universit\u00e9 Paris-Saclay depuis le 1<sup>er<\/sup> janvier 2015. Ceux-ci sont enseignant-chercheur, chercheur CNRS, ing\u00e9nieur-chercheur CEA ou scientifique de ligne \u00e0 SOLEIL. Ils sont soit nouvellement recrut\u00e9s, soit ils sont arriv\u00e9s \u00e0 Paris-Saclay dans le cadre d\u2019une mutation. Les nouveaux arrivants de janvier 2015 \u00e0 juillet 2016, au nombre de 16, effectueront une pr\u00e9sentation orale, et ceux arriv\u00e9s \u00e0 partir de septembre 2016 auront la possibilit\u00e9 de pr\u00e9senter leur projet par un poster.<\/p>\n<p>Cette journ\u00e9e est ouverte \u00e0 l\u2019ensemble des membres (permanents et non-permanents) du d\u00e9partement de chimie de l\u2019Universit\u00e9 Paris-Saclay. La participation \u00e0 cette journ\u00e9e est gratuite. A travers ses nouveaux arrivants permanents, cette manifestation inclut l\u2019ensemble des th\u00e9matiques de la chimie de l\u2019universit\u00e9 Paris Saclay.<\/p>\n<p><a href=\"http:\/\/www.cpps.u-psud.fr\/wp-content\/uploads\/2017\/10\/programme_version-provisoire.pdf\">programme_version-provisoire<\/a><\/p>\n","protected":false},"excerpt":{"rendered":"<p>1\u00e8re journ\u00e9e scientifique du d\u00e9partement de chimie de Paris-Saclay &#8211; Rencontre des nouveaux arrivants permanents Lien vers l&rsquo;UPSaclay 7 novembre 2017, IOGS, Palaiseau Le d\u00e9partement de chimie de l\u2019Universit\u00e9 Paris-Saclay organise sa premi\u00e8re journ\u00e9e scientifique qui se d\u00e9roulera le 7 novembre 2017 \u00e0 l\u2019Institut d\u2019Optique Graduate School (IOGS) \u00e0 Palaiseau. \u2026 <a class=\"continue-reading-link\" href=\"http:\/\/www.cpps.universite-paris-saclay.fr\/?page_id=1760\"> Continue reading<\/a><\/p>\n","protected":false},"author":1,"featured_media":0,"parent":1448,"menu_order":11,"comment_status":"closed","ping_status":"closed","template":"","meta":{"footnotes":""},"class_list":["post-1760","page","type-page","status-publish","hentry"],"_links":{"self":[{"href":"http:\/\/www.cpps.universite-paris-saclay.fr\/index.php?rest_route=\/wp\/v2\/pages\/1760","targetHints":{"allow":["GET"]}}],"collection":[{"href":"http:\/\/www.cpps.universite-paris-saclay.fr\/index.php?rest_route=\/wp\/v2\/pages"}],"about":[{"href":"http:\/\/www.cpps.universite-paris-saclay.fr\/index.php?rest_route=\/wp\/v2\/types\/page"}],"author":[{"embeddable":true,"href":"http:\/\/www.cpps.universite-paris-saclay.fr\/index.php?rest_route=\/wp\/v2\/users\/1"}],"replies":[{"embeddable":true,"href":"http:\/\/www.cpps.universite-paris-saclay.fr\/index.php?rest_route=%2Fwp%2Fv2%2Fcomments&post=1760"}],"version-history":[{"count":9,"href":"http:\/\/www.cpps.universite-paris-saclay.fr\/index.php?rest_route=\/wp\/v2\/pages\/1760\/revisions"}],"predecessor-version":[{"id":1770,"href":"http:\/\/www.cpps.universite-paris-saclay.fr\/index.php?rest_route=\/wp\/v2\/pages\/1760\/revisions\/1770"}],"up":[{"embeddable":true,"href":"http:\/\/www.cpps.universite-paris-saclay.fr\/index.php?rest_route=\/wp\/v2\/pages\/1448"}],"wp:attachment":[{"href":"http:\/\/www.cpps.universite-paris-saclay.fr\/index.php?rest_route=%2Fwp%2Fv2%2Fmedia&parent=1760"}],"curies":[{"name":"wp","href":"https:\/\/api.w.org\/{rel}","templated":true}]}}