{"id":1713,"date":"2017-09-21T23:28:00","date_gmt":"2017-09-21T22:28:00","guid":{"rendered":"http:\/\/www.cpps.u-psud.fr\/?page_id=1713"},"modified":"2018-05-01T23:33:48","modified_gmt":"2018-05-01T22:33:48","slug":"isorelax","status":"publish","type":"page","link":"http:\/\/www.cpps.universite-paris-saclay.fr\/?page_id=1713","title":{"rendered":"ISORELAX"},"content":{"rendered":"<p><b>1010Atelier Th\u00e9matique &#8211; 6-7 Novembre 2017 &#8211; Orsay<\/b><\/p>\n<p><b>Comp\u00e9tition entre processus de relaxation dans les <\/b><b>syst\u00e8mes mol\u00e9culaires <\/b><b>complexes isol\u00e9s<\/b><b>.<\/b><\/p>\n<p>Organisateur : Cyril Falvo, ISMO<\/p>\n<p>Cet atelier th\u00e9matique a pour but d\u2019aborder la probl\u00e9matique des processus de relaxation et leur comp\u00e9tition dans les syst\u00e8mes mol\u00e9culaires isol\u00e9s allant des syst\u00e8mes d\u2019int\u00e9r\u00eat astrophysique et atmosph\u00e9rique aux syst\u00e8mes d\u2019int\u00e9r\u00eat biologique en phase gaz en passant par les agr\u00e9gats et nanoparticules. Ces syst\u00e8mes mol\u00e9culaires lorsqu\u2019ils sont sujets \u00e0 une excitation photonique ou collisionnelle vont se relaxer via une large vari\u00e9t\u00e9 de canaux tels que l\u2019isom\u00e9risation, la fragmentation, l\u2019\u00e9mission radiative, l\u2019ionisation ou la r\u00e9activit\u00e9. En fonction de l\u2019\u00e9nergie mise en jeu, ces diff\u00e9rents processus peuvent \u00eatre de nature statistique ou non-statistique et ils peuvent faire intervenir des \u00e9tats \u00e9lectroniques excit\u00e9s. Lorsque plusieurs processus de relaxation entre en comp\u00e9tition, il en r\u00e9sulte alors une dynamique complexe apparaissant sur diff\u00e9rentes \u00e9chelles de temps. Cette dynamique reste aujourd\u2019hui largement incomprise par un manque de caract\u00e9risation globale de la comp\u00e9tition entre ces processus. En effet, les \u00e9tudes actuelles concernent une large vari\u00e9t\u00e9 de syst\u00e8mes mol\u00e9culaires et reposent sur l\u2019utilisation de techniques exp\u00e9rimentales d\u00e9di\u00e9es \u00e0 un processus de relaxation particulier et ne permettant pas une \u00e9tude globale de la comp\u00e9tition. L\u2019objectif de cet atelier est de r\u00e9unir les chercheurs s\u2019int\u00e9ressant au processus de relaxation pour des syst\u00e8mes mol\u00e9culaires complexes isol\u00e9s. Cette journ\u00e9e permettra d\u2019initier des discussions entre th\u00e9oriciens et exp\u00e9rimentateurs qui permettront d\u2019identifier des syst\u00e8mes mol\u00e9culaires mod\u00e8les, des protocoles exp\u00e9rimentaux et des d\u00e9veloppements th\u00e9oriques afin de faire progresser nos connaissances sur la comp\u00e9tition entre processus de relaxation.<\/p>\n<p align=\"LEFT\"><span style=\"font-family: Cambria-Bold;\"><b>Comit\u00e9 scientifique local: <\/b><\/span><span style=\"font-family: Cambria;\">Karine Beroff, Philippe Br\u00e9chignac, Marin Chabot, Emmanuel<\/span><\/p>\n<p align=\"LEFT\">Dartois, Cyril Falvo, Gilles Gr\u00e9goire, Pascal Parneix, Thomas Pino<\/p>\n<p align=\"LEFT\"><span style=\"font-family: Cambria-Bold;\">Contacts: <\/span><span style=\"color: #0000ff; font-family: Cambria-Bold;\">cyril.falvo@u-psud.fr <\/span><span style=\"font-family: Cambria-Bold;\">; <\/span><span style=\"color: #0000ff; font-family: Cambria-Bold;\">thomas.pino@u-psud.fr<\/span><\/p>\n<p align=\"LEFT\"><span style=\"font-family: Cambria-Bold;\"><b>Inscription gratuite mais obligatoire : <a href=\"https:\/\/docs.google.com\/forms\/d\/e\/1FAIpQLSfFfTyxy0dKHHXH9SsTqzjN02R2cKmZ3o3t_LVsW9Ws0eCwkw\/viewform\">&lt;Page Web ISORELAX&gt;<\/a><\/b><\/span><\/p>\n<p><span style=\"font-family: Cambria-Bold;\"><b>Soutien financier : <\/b><\/span><span style=\"font-family: Cambria;\">GDR EMIE, Labex PALM, F\u00e9d\u00e9ration CPPS, ANR PACHYNO<\/span><\/p>\n<p>&nbsp;<\/p>\n","protected":false},"excerpt":{"rendered":"<p>1010Atelier Th\u00e9matique &#8211; 6-7 Novembre 2017 &#8211; Orsay Comp\u00e9tition entre processus de relaxation dans les syst\u00e8mes mol\u00e9culaires complexes isol\u00e9s. Organisateur : Cyril Falvo, ISMO Cet atelier th\u00e9matique a pour but d\u2019aborder la probl\u00e9matique des processus de relaxation et leur comp\u00e9tition dans les syst\u00e8mes mol\u00e9culaires isol\u00e9s allant des syst\u00e8mes d\u2019int\u00e9r\u00eat astrophysique \u2026 <a class=\"continue-reading-link\" href=\"http:\/\/www.cpps.universite-paris-saclay.fr\/?page_id=1713\"> Continue reading<\/a><\/p>\n","protected":false},"author":1,"featured_media":0,"parent":1448,"menu_order":10,"comment_status":"closed","ping_status":"closed","template":"","meta":{"footnotes":""},"class_list":["post-1713","page","type-page","status-publish","hentry"],"_links":{"self":[{"href":"http:\/\/www.cpps.universite-paris-saclay.fr\/index.php?rest_route=\/wp\/v2\/pages\/1713","targetHints":{"allow":["GET"]}}],"collection":[{"href":"http:\/\/www.cpps.universite-paris-saclay.fr\/index.php?rest_route=\/wp\/v2\/pages"}],"about":[{"href":"http:\/\/www.cpps.universite-paris-saclay.fr\/index.php?rest_route=\/wp\/v2\/types\/page"}],"author":[{"embeddable":true,"href":"http:\/\/www.cpps.universite-paris-saclay.fr\/index.php?rest_route=\/wp\/v2\/users\/1"}],"replies":[{"embeddable":true,"href":"http:\/\/www.cpps.universite-paris-saclay.fr\/index.php?rest_route=%2Fwp%2Fv2%2Fcomments&post=1713"}],"version-history":[{"count":5,"href":"http:\/\/www.cpps.universite-paris-saclay.fr\/index.php?rest_route=\/wp\/v2\/pages\/1713\/revisions"}],"predecessor-version":[{"id":1862,"href":"http:\/\/www.cpps.universite-paris-saclay.fr\/index.php?rest_route=\/wp\/v2\/pages\/1713\/revisions\/1862"}],"up":[{"embeddable":true,"href":"http:\/\/www.cpps.universite-paris-saclay.fr\/index.php?rest_route=\/wp\/v2\/pages\/1448"}],"wp:attachment":[{"href":"http:\/\/www.cpps.universite-paris-saclay.fr\/index.php?rest_route=%2Fwp%2Fv2%2Fmedia&parent=1713"}],"curies":[{"name":"wp","href":"https:\/\/api.w.org\/{rel}","templated":true}]}}