{"id":1448,"date":"2017-02-23T15:18:45","date_gmt":"2017-02-23T14:18:45","guid":{"rendered":"http:\/\/www.cpps.u-psud.fr\/?page_id=1448"},"modified":"2019-03-13T16:02:44","modified_gmt":"2019-03-13T15:02:44","slug":"2017-2","status":"publish","type":"page","link":"http:\/\/www.cpps.universite-paris-saclay.fr\/?page_id=1448","title":{"rendered":"2017"},"content":{"rendered":"<p><b>6 &#8211; 10 mars 2017 <\/b>\u2013 Second MOLIM Training School (SMTS) \u2013 \u201cAdvanced technics for molecular spectroscopy and dynamics\u201d\u00a0\u2013 <a href=\"http:\/\/cost-molim.eu\/index.php\">En savoir plus<\/a><\/p>\n<p><strong>22 mars 2017<\/strong> &#8211; E-Lib 2017 : Journ\u00e9e des \u00e9lectrons libres 2017, de la g\u00e9n\u00e9ration aux applications \u2013 <a href=\"http:\/\/iramis.cea.fr\/meetings\/e-lib17\/\">En savoir plus<\/a><\/p>\n<p><strong>20-21 avril 2017<\/strong> \u2013 Workshop \u201cPhoto-Electro-Stimulation\u201d ENS Paris-Saclay \u2013 <a href=\"http:\/\/ppsm.ens-paris-saclay.fr\/version-francaise\/seminaires-et-colloques\/workshop-photo-electro-stimulation--371812.kjsp?RH=DL_PPSM-FR\">En savoir plus<\/a><\/p>\n<p><strong>27 avril 2017<\/strong> &#8211; Workshop \u00ab\u00a0AMMIB\u00a0\u00bb &#8211; <a href=\"http:\/\/www.cpps.u-psud.fr\/?page_id=1462\">En savoir plus<\/a><\/p>\n<p><strong>4 mai 2017 <\/strong>\u2013 Journ\u00e9e hommage \u00e0\u00a0Henri Szwarc &#8211; \u201cUne physicochimie pionni\u00e8re \u00e0 Orsay\u201d \u2013 <a href=\"http:\/\/www.cpps.u-psud.fr\/?page_id=1508\">En savoir plus<\/a><\/p>\n<p><strong>8-9 juin 2017<\/strong> &#8211; EAU, Sant\u00e9 et Environnement &#8211; En savoir plus<\/p>\n<p><strong>3-7 juillet 2017<\/strong> &#8211; SFP\/atelier chirality &#8211; En savoir plus<\/p>\n<p><strong>20 septembre 2017<\/strong> &#8211; Journ\u00e9e CPPS &#8211; <a href=\"http:\/\/www.cpps.u-psud.fr\/?page_id=1679\">En savoir plus<\/a><\/p>\n<p><strong>17 octobre 2017<\/strong> &#8211; Journ\u00e9e ED 2MIB &#8211; En savoir plus<\/p>\n<p><strong>6-11 novembre<\/strong> &#8211; ISORELAX &#8211; <a href=\"http:\/\/www.cpps.u-psud.fr\/?page_id=1713\">En savoir plus<\/a><\/p>\n<p><strong>7 novembre<\/strong> &#8211; Journ\u00e9e nouveaux entrants Dept. Chimie &#8211; <a href=\"http:\/\/www.cpps.u-psud.fr\/?page_id=1760\">En savoir plus<\/a><\/p>\n<p><strong>15 &#8211; 17 novembre 2017<\/strong> &#8211; Conf\u00e9rence PhysChemCell 2017 &#8211; <a href=\"http:\/\/www.cpps.u-psud.fr\/?page_id=1698\">En savoir plus<\/a><\/p>\n<p><strong>24 novembre 2017<\/strong> &#8211; Journ\u00e9e simulations num\u00e9riques en chimie &#8211; <a href=\"http:\/\/www.cpps.u-psud.fr\/?page_id=1771\">En savoir plus<\/a><\/p>\n","protected":false},"excerpt":{"rendered":"<p>6 &#8211; 10 mars 2017 \u2013 Second MOLIM Training School (SMTS) \u2013 \u201cAdvanced technics for molecular spectroscopy and dynamics\u201d\u00a0\u2013 En savoir plus 22 mars 2017 &#8211; E-Lib 2017 : Journ\u00e9e des \u00e9lectrons libres 2017, de la g\u00e9n\u00e9ration aux applications \u2013 En savoir plus 20-21 avril 2017 \u2013 Workshop \u201cPhoto-Electro-Stimulation\u201d ENS \u2026 <a class=\"continue-reading-link\" href=\"http:\/\/www.cpps.universite-paris-saclay.fr\/?page_id=1448\"> Continue reading<\/a><\/p>\n","protected":false},"author":1,"featured_media":0,"parent":31,"menu_order":3,"comment_status":"closed","ping_status":"closed","template":"","meta":{"footnotes":""},"class_list":["post-1448","page","type-page","status-publish","hentry"],"_links":{"self":[{"href":"http:\/\/www.cpps.universite-paris-saclay.fr\/index.php?rest_route=\/wp\/v2\/pages\/1448","targetHints":{"allow":["GET"]}}],"collection":[{"href":"http:\/\/www.cpps.universite-paris-saclay.fr\/index.php?rest_route=\/wp\/v2\/pages"}],"about":[{"href":"http:\/\/www.cpps.universite-paris-saclay.fr\/index.php?rest_route=\/wp\/v2\/types\/page"}],"author":[{"embeddable":true,"href":"http:\/\/www.cpps.universite-paris-saclay.fr\/index.php?rest_route=\/wp\/v2\/users\/1"}],"replies":[{"embeddable":true,"href":"http:\/\/www.cpps.universite-paris-saclay.fr\/index.php?rest_route=%2Fwp%2Fv2%2Fcomments&post=1448"}],"version-history":[{"count":18,"href":"http:\/\/www.cpps.universite-paris-saclay.fr\/index.php?rest_route=\/wp\/v2\/pages\/1448\/revisions"}],"predecessor-version":[{"id":1866,"href":"http:\/\/www.cpps.universite-paris-saclay.fr\/index.php?rest_route=\/wp\/v2\/pages\/1448\/revisions\/1866"}],"up":[{"embeddable":true,"href":"http:\/\/www.cpps.universite-paris-saclay.fr\/index.php?rest_route=\/wp\/v2\/pages\/31"}],"wp:attachment":[{"href":"http:\/\/www.cpps.universite-paris-saclay.fr\/index.php?rest_route=%2Fwp%2Fv2%2Fmedia&parent=1448"}],"curies":[{"name":"wp","href":"https:\/\/api.w.org\/{rel}","templated":true}]}}