{"id":1250,"date":"2016-02-17T15:13:56","date_gmt":"2016-02-17T14:13:56","guid":{"rendered":"http:\/\/www.cpps.u-psud.fr\/?page_id=1250"},"modified":"2019-03-13T16:03:23","modified_gmt":"2019-03-13T15:03:23","slug":"2016-2","status":"publish","type":"page","link":"http:\/\/www.cpps.universite-paris-saclay.fr\/?page_id=1250","title":{"rendered":"2016"},"content":{"rendered":"<p><strong>10 mars 2016<\/strong> &#8211; Atelier interdisciplinaire \u00ab Mat\u00e9riaux du patrimoine et patrimoine mat\u00e9riel \u00bb sur le plateau de Saclay &#8211; Ecole Polytechnique<br \/>\n<a href=\"http:\/\/www.cpps.u-psud.fr\/wp-content\/uploads\/2016\/02\/CPPS-Bertrand-Programme-atelier-interdisciplinaire-v04022016.pdf\">Programme<\/a> &#8211; <a href=\"http:\/\/ipanema.cnrs.fr\/saclay2016\">Inscription<\/a><\/p>\n<p><strong>23 mars 2016<\/strong> &#8211;\u00a0IVe Journ\u00e9e de Simulation Num\u00e9riques en Chimie \u00e0 Paris-Sud &#8211; Universit\u00e9 Paris-Sud &#8211; amphi IPN &#8211; B\u00e2t. 100 <a href=\"http:\/\/www.lcp.u-psud.fr\/spip.php?article393\">Programme<\/a> &#8211; <a href=\"http:\/\/hebergement.u-psud.fr\/simuchimie\/?page_id=365\">Inscription<\/a><\/p>\n<p><strong>11 au 13 avril 2016<\/strong> &#8211; Workshop CECAM \u00ab\u00a0Theoretical and Computational Studies of Non-Equilibrium and Non-Statistical Dynamics in Gas-Phase, Condensed-Phase, and Interfacial Reactions\u00a0\u00bb &#8211; <a href=\"http:\/\/www.cecam.org\/workshop-0-1241.html\">En savoir plus<strong><br \/>\n<\/strong><\/a><\/p>\n<p><strong>11 mai 2016 <\/strong>&#8211; Symposium\u00a0TCBIO &#8211; <a href=\"http:\/\/www.cpps.u-psud.fr\/?page_id=1315\">En savoir plus<\/a><\/p>\n<p><strong>12 et 13 mai 2016 <\/strong>&#8211; 6th Biosensor Meeting &#8211; <a href=\"http:\/\/www.cpps.u-psud.fr\/?page_id=1281\">En savoir plus<\/a><\/p>\n<p><strong>24 juin 2016<\/strong> &#8211; Journ\u00e9e scientifique CPPS &#8211; <a href=\"http:\/\/www.cpps.u-psud.fr\/?page_id=1303\">En savoir plus<\/a><\/p>\n<p><strong>3-8 juillet 2016<\/strong> &#8211; Conf\u00e9rence CPLT &#8211; <a href=\"http:\/\/www.cpps.u-psud.fr\/?page_id=1993\">En savoir plus<\/a><\/p>\n<p><strong>8 novembre 2016<\/strong> &#8211; Journ\u00e9e de l&rsquo;Ecole Doctorale 2MIB &#8211; \u00a0<a href=\"http:\/\/www.cpps.u-psud.fr\/?page_id=1983\">En savoir plus<\/a><\/p>\n<p><strong>29 et 30 novembre 2016\u00a0<\/strong>&#8211; Journ\u00e9es d\u2019automne du groupe Fran\u00e7ais de Photochimie, Photophysique et Photosciences (GFP2P). <a href=\"http:\/\/www.cpps.u-psud.fr\/?page_id=1434\">En savoir plus<\/a><\/p>\n","protected":false},"excerpt":{"rendered":"<p>10 mars 2016 &#8211; Atelier interdisciplinaire \u00ab Mat\u00e9riaux du patrimoine et patrimoine mat\u00e9riel \u00bb sur le plateau de Saclay &#8211; Ecole Polytechnique Programme &#8211; Inscription 23 mars 2016 &#8211;\u00a0IVe Journ\u00e9e de Simulation Num\u00e9riques en Chimie \u00e0 Paris-Sud &#8211; Universit\u00e9 Paris-Sud &#8211; amphi IPN &#8211; B\u00e2t. 100 Programme &#8211; Inscription 11 \u2026 <a class=\"continue-reading-link\" href=\"http:\/\/www.cpps.universite-paris-saclay.fr\/?page_id=1250\"> Continue reading<\/a><\/p>\n","protected":false},"author":1,"featured_media":0,"parent":31,"menu_order":4,"comment_status":"closed","ping_status":"closed","template":"","meta":{"footnotes":""},"class_list":["post-1250","page","type-page","status-publish","hentry"],"_links":{"self":[{"href":"http:\/\/www.cpps.universite-paris-saclay.fr\/index.php?rest_route=\/wp\/v2\/pages\/1250","targetHints":{"allow":["GET"]}}],"collection":[{"href":"http:\/\/www.cpps.universite-paris-saclay.fr\/index.php?rest_route=\/wp\/v2\/pages"}],"about":[{"href":"http:\/\/www.cpps.universite-paris-saclay.fr\/index.php?rest_route=\/wp\/v2\/types\/page"}],"author":[{"embeddable":true,"href":"http:\/\/www.cpps.universite-paris-saclay.fr\/index.php?rest_route=\/wp\/v2\/users\/1"}],"replies":[{"embeddable":true,"href":"http:\/\/www.cpps.universite-paris-saclay.fr\/index.php?rest_route=%2Fwp%2Fv2%2Fcomments&post=1250"}],"version-history":[{"count":18,"href":"http:\/\/www.cpps.universite-paris-saclay.fr\/index.php?rest_route=\/wp\/v2\/pages\/1250\/revisions"}],"predecessor-version":[{"id":1995,"href":"http:\/\/www.cpps.universite-paris-saclay.fr\/index.php?rest_route=\/wp\/v2\/pages\/1250\/revisions\/1995"}],"up":[{"embeddable":true,"href":"http:\/\/www.cpps.universite-paris-saclay.fr\/index.php?rest_route=\/wp\/v2\/pages\/31"}],"wp:attachment":[{"href":"http:\/\/www.cpps.universite-paris-saclay.fr\/index.php?rest_route=%2Fwp%2Fv2%2Fmedia&parent=1250"}],"curies":[{"name":"wp","href":"https:\/\/api.w.org\/{rel}","templated":true}]}}