{"id":1225,"date":"2015-09-29T08:43:45","date_gmt":"2015-09-29T07:43:45","guid":{"rendered":"http:\/\/www.cpps.u-psud.fr\/?page_id=1225"},"modified":"2019-03-13T16:04:05","modified_gmt":"2019-03-13T15:04:05","slug":"2014-2","status":"publish","type":"page","link":"http:\/\/www.cpps.universite-paris-saclay.fr\/?page_id=1225","title":{"rendered":"2014"},"content":{"rendered":"<p>05\/12\/2014: Workshop \u00ab\u00a0Nanoparticules pour la m\u00e9decine\u00a0\u00bb; <a href=\"http:\/\/itn-argent.eu\/node\/38\">pour en savoir plus &#8230;<\/a><\/p>\n<p>12\/11\/2014: Journ\u00e9e de Simulation Num\u00e9rique en Chimie; <a href=\"http:\/\/hebergement.u-psud.fr\/simuchimie\/\">pour en savoir plus &#8230;<\/a><\/p>\n<p>16\/10\/2014: Journ\u00e9e \u00ab\u00a0Electrochimie pour tous\u00a0\u00bb; <a href=\"http:\/\/www.cpps.u-psud.fr\/?page_id=482\">pour en savoir plus&#8230;<\/a><\/p>\n<p>13\/10 \u2013 17\/10-2014\u00a0: 15\u00e8mes JFJPC (<a title=\"15\u00e8mes JFJPC\" href=\"http:\/\/www.cpps.u-psud.fr\/?page_id=340\">en savoir plus &#8230;<\/a>)<\/p>\n<p>24\/09\/2014: Journ\u00e9e \u00ab\u00a0Du fondamental \u00e0 la clinique : phototh\u00e9rapie dynamique et radioth\u00e9rapie per-op\u00e9ratoire\u00a0\u00bb (<a href=\"http:\/\/www.cpps.u-psud.fr\/wp-content\/uploads\/2013\/11\/Annonce-journ\u00e9e-th\u00e9matique-MELUSYN-24-septembre-2014.pdf\">en savoir plus &#8230;<\/a>; <a href=\"http:\/\/www.cpps.u-psud.fr\/wp-content\/uploads\/2013\/11\/Bulletin-inscription-Journ\u00e9e-Th\u00e9matique-MELUSYN-24-septembre-2014.pdf\">formulaire d&rsquo;inscription<\/a>)<\/p>\n<p>11\/06\/2014: Journ\u00e9e \u00ab\u00a0Biologie des Radiations\u00a0\u00bb (<a href=\"http:\/\/www.cpps.u-psud.fr\/wp-content\/uploads\/2014\/06\/Biologie-des-radiations.pdf\">Biologie des radiations<\/a>)<\/p>\n<p>26\/05\/2014 : Journ\u00e9e \u00ab\u00a0Photonique aux interfaces\u00a0\u00bb (<a href=\"http:\/\/www.cpps.u-psud.fr\/?page_id=399\">en savoir plus &#8230;<\/a>)<\/p>\n<p>31\/03 \u2013 04\/04\/2014\u00a0: Ecole FT-MS (<a href=\"http:\/\/www.cpps.u-psud.fr\/?page_id=186\">en savoir plus &#8230;<\/a>)<\/p>\n","protected":false},"excerpt":{"rendered":"<p>05\/12\/2014: Workshop \u00ab\u00a0Nanoparticules pour la m\u00e9decine\u00a0\u00bb; pour en savoir plus &#8230; 12\/11\/2014: Journ\u00e9e de Simulation Num\u00e9rique en Chimie; pour en savoir plus &#8230; 16\/10\/2014: Journ\u00e9e \u00ab\u00a0Electrochimie pour tous\u00a0\u00bb; pour en savoir plus&#8230; 13\/10 \u2013 17\/10-2014\u00a0: 15\u00e8mes JFJPC (en savoir plus &#8230;) 24\/09\/2014: Journ\u00e9e \u00ab\u00a0Du fondamental \u00e0 la clinique : phototh\u00e9rapie \u2026 <a class=\"continue-reading-link\" href=\"http:\/\/www.cpps.universite-paris-saclay.fr\/?page_id=1225\"> Continue reading<\/a><\/p>\n","protected":false},"author":1,"featured_media":0,"parent":31,"menu_order":6,"comment_status":"closed","ping_status":"closed","template":"","meta":{"footnotes":""},"class_list":["post-1225","page","type-page","status-publish","hentry"],"_links":{"self":[{"href":"http:\/\/www.cpps.universite-paris-saclay.fr\/index.php?rest_route=\/wp\/v2\/pages\/1225","targetHints":{"allow":["GET"]}}],"collection":[{"href":"http:\/\/www.cpps.universite-paris-saclay.fr\/index.php?rest_route=\/wp\/v2\/pages"}],"about":[{"href":"http:\/\/www.cpps.universite-paris-saclay.fr\/index.php?rest_route=\/wp\/v2\/types\/page"}],"author":[{"embeddable":true,"href":"http:\/\/www.cpps.universite-paris-saclay.fr\/index.php?rest_route=\/wp\/v2\/users\/1"}],"replies":[{"embeddable":true,"href":"http:\/\/www.cpps.universite-paris-saclay.fr\/index.php?rest_route=%2Fwp%2Fv2%2Fcomments&post=1225"}],"version-history":[{"count":2,"href":"http:\/\/www.cpps.universite-paris-saclay.fr\/index.php?rest_route=\/wp\/v2\/pages\/1225\/revisions"}],"predecessor-version":[{"id":1227,"href":"http:\/\/www.cpps.universite-paris-saclay.fr\/index.php?rest_route=\/wp\/v2\/pages\/1225\/revisions\/1227"}],"up":[{"embeddable":true,"href":"http:\/\/www.cpps.universite-paris-saclay.fr\/index.php?rest_route=\/wp\/v2\/pages\/31"}],"wp:attachment":[{"href":"http:\/\/www.cpps.universite-paris-saclay.fr\/index.php?rest_route=%2Fwp%2Fv2%2Fmedia&parent=1225"}],"curies":[{"name":"wp","href":"https:\/\/api.w.org\/{rel}","templated":true}]}}