{"id":1222,"date":"2015-09-29T08:42:04","date_gmt":"2015-09-29T07:42:04","guid":{"rendered":"http:\/\/www.cpps.u-psud.fr\/?page_id=1222"},"modified":"2019-03-13T16:03:43","modified_gmt":"2019-03-13T15:03:43","slug":"2015-2","status":"publish","type":"page","link":"http:\/\/www.cpps.universite-paris-saclay.fr\/?page_id=1222","title":{"rendered":"2015"},"content":{"rendered":"<p><strong>13\/01\/2015<\/strong>\u00a0&#8211; Journ\u00e9e des doctorants de la F\u00e9d\u00e9ration chimie physique Paris-Saclay (CPPS). <a href=\"http:\/\/www.cpps.u-psud.fr\/?page_id=555\">En savoir plus<\/a><\/p>\n<p><strong>26-27\/01\/2015 <\/strong>&#8211; Workshop \u00ab\u00a0spectroscopie ultrarapide pour les syst\u00e8mes d\u2019int\u00e9r\u00eat biologique\u00a0\u00bb. <a href=\"http:\/\/iramis.cea.fr\/meetings\/SUSIB2015\/index.php\">En savoir plus<\/a><\/p>\n<p><strong>18-20\/03\/2015<\/strong>\u00a0&#8211; Workshop \u00ab\u00a0Nanomat\u00e9riaux pour l&rsquo;\u00e9nergie et l&rsquo;environnement\u00a0\u00bb.\u00a0<a href=\"http:\/\/www.cpps.u-psud.fr\/?page_id=622\">En savoir plus<\/a><\/p>\n<p><strong>11\/05\/2015<\/strong>\u00a0&#8211; colloque \u00ab\u00a0Dynamique r\u00e9actionnelle: aspects th\u00e9oriques et exp\u00e9rimentaux\u00a0\u00bb en l&rsquo;honneur de Jean-Michel Mestdagh. <a href=\"http:\/\/www.cpps.u-psud.fr\/?page_id=996\">En savoir plus<\/a><\/p>\n<p><strong>05\/06\/2015<\/strong>\u00a0&#8211; Rencontres Paris-Saclay \/ entreprises. Chimie sous rayonnement et applications industrielles. <a href=\"http:\/\/www.cpps.u-psud.fr\/?page_id=1962\">En savoir plus<\/a><\/p>\n<p><strong>10\/06\/2015<\/strong>\u00a0&#8211; Workshop \u00ab\u00a0traitement des donn\u00e9es, lipidomique et imagerie mol\u00e9culaire\u00a0\u00bb. <a href=\"http:\/\/www.cpps.u-psud.fr\/?page_id=1000\">En savoir plus<\/a><\/p>\n<p><strong>11\/06\/2015<\/strong>\u00a0&#8211;\u00a0Journ\u00e9e scientifique sur la Chimie des Terres Rares. <a href=\"http:\/\/www.lcm.polytechnique.fr\/Francais\/actualites\/terres_rares.htm\">En savoir plus<\/a><\/p>\n<p><strong>15-20\/06\/2015<\/strong>\u00a0&#8211; Ecole th\u00e9matique de mod\u00e9lisation en chimie quantique \u00ab\u00a0deMon2k and deMon-nano tutorial\u00a0\u00bb. <a href=\"http:\/\/www.cpps.u-psud.fr\/wp-content\/uploads\/2013\/11\/TutorialdeMon_CPPS.pdf\">Pour en savoir plus &#8230;<\/a><\/p>\n<p><strong>16\/06\/2015<\/strong>\u00a0&#8211; Workshop \u00ab\u00a0microsyst\u00e8mes chimiques et analytiques : du concept \u00e0 l&rsquo;application\u00a0\u00bb. <a href=\"http:\/\/www.cpps.u-psud.fr\/?page_id=724\">En savoir plus<\/a><\/p>\n<p><strong>16-19\/09\/2015<\/strong> &#8211; Action Nationale de Formation (ANF) 2015 : Processus chimiques \u00e9l\u00e9mentaires induits par les rayonnements ionisants g\u00e9n\u00e9rant la corrosion, l&rsquo;alt\u00e9ration, le veillissement et le stress oxydant. <a href=\"http:\/\/www.cpps.u-psud.fr\/?page_id=886\">En savoir plus<\/a><\/p>\n<p><strong>4-6\/11\/2015<\/strong>\u00a0&#8211; Conf\u00e9rence \u00ab\u00a0Physical chemistry of the cell\u00a0\u00bb PhysChemCell 2015 &#8211; <a href=\"http:\/\/www.cpps.u-psud.fr\/?page_id=750\">En savoir plus<\/a><\/p>\n","protected":false},"excerpt":{"rendered":"<p>13\/01\/2015\u00a0&#8211; Journ\u00e9e des doctorants de la F\u00e9d\u00e9ration chimie physique Paris-Saclay (CPPS). En savoir plus 26-27\/01\/2015 &#8211; Workshop \u00ab\u00a0spectroscopie ultrarapide pour les syst\u00e8mes d\u2019int\u00e9r\u00eat biologique\u00a0\u00bb. En savoir plus 18-20\/03\/2015\u00a0&#8211; Workshop \u00ab\u00a0Nanomat\u00e9riaux pour l&rsquo;\u00e9nergie et l&rsquo;environnement\u00a0\u00bb.\u00a0En savoir plus 11\/05\/2015\u00a0&#8211; colloque \u00ab\u00a0Dynamique r\u00e9actionnelle: aspects th\u00e9oriques et exp\u00e9rimentaux\u00a0\u00bb en l&rsquo;honneur de Jean-Michel Mestdagh. En \u2026 <a class=\"continue-reading-link\" href=\"http:\/\/www.cpps.universite-paris-saclay.fr\/?page_id=1222\"> Continue reading<\/a><\/p>\n","protected":false},"author":1,"featured_media":0,"parent":31,"menu_order":5,"comment_status":"closed","ping_status":"closed","template":"","meta":{"footnotes":""},"class_list":["post-1222","page","type-page","status-publish","hentry"],"_links":{"self":[{"href":"http:\/\/www.cpps.universite-paris-saclay.fr\/index.php?rest_route=\/wp\/v2\/pages\/1222","targetHints":{"allow":["GET"]}}],"collection":[{"href":"http:\/\/www.cpps.universite-paris-saclay.fr\/index.php?rest_route=\/wp\/v2\/pages"}],"about":[{"href":"http:\/\/www.cpps.universite-paris-saclay.fr\/index.php?rest_route=\/wp\/v2\/types\/page"}],"author":[{"embeddable":true,"href":"http:\/\/www.cpps.universite-paris-saclay.fr\/index.php?rest_route=\/wp\/v2\/users\/1"}],"replies":[{"embeddable":true,"href":"http:\/\/www.cpps.universite-paris-saclay.fr\/index.php?rest_route=%2Fwp%2Fv2%2Fcomments&post=1222"}],"version-history":[{"count":11,"href":"http:\/\/www.cpps.universite-paris-saclay.fr\/index.php?rest_route=\/wp\/v2\/pages\/1222\/revisions"}],"predecessor-version":[{"id":1971,"href":"http:\/\/www.cpps.universite-paris-saclay.fr\/index.php?rest_route=\/wp\/v2\/pages\/1222\/revisions\/1971"}],"up":[{"embeddable":true,"href":"http:\/\/www.cpps.universite-paris-saclay.fr\/index.php?rest_route=\/wp\/v2\/pages\/31"}],"wp:attachment":[{"href":"http:\/\/www.cpps.universite-paris-saclay.fr\/index.php?rest_route=%2Fwp%2Fv2%2Fmedia&parent=1222"}],"curies":[{"name":"wp","href":"https:\/\/api.w.org\/{rel}","templated":true}]}}